{"id":390,"date":"2025-09-17T12:25:39","date_gmt":"2025-09-17T10:25:39","guid":{"rendered":"https:\/\/dev.fitplus-club.de\/club-admin\/wellhub\/"},"modified":"2026-02-05T10:27:22","modified_gmt":"2026-02-05T09:27:22","slug":"wellhub","status":"publish","type":"page","link":"https:\/\/dev.fitplus-club.de\/club-admin\/wellhub\/","title":{"rendered":"Wellhub"},"content":{"rendered":"\n<div class=\"wp-block-group has-global-padding is-content-justification-left is-layout-constrained wp-container-core-group-is-layout-4f7750fa wp-block-group-is-layout-constrained\" style=\"padding-top:var(--wp--preset--spacing--x-large);padding-bottom:var(--wp--preset--spacing--x-large)\">\n<h1 class=\"wp-block-heading slanted-lr has-lightest-color has-foreground-background-color has-text-color has-background has-link-color wp-elements-3159c919844a0ea7207d3cc2bdf553c1 gs_GghTnq\" style=\"padding-top:var(--wp--preset--spacing--tiny);padding-right:var(--wp--preset--spacing--medium);padding-bottom:var(--wp--preset--spacing--tiny);padding-left:var(--wp--preset--spacing--medium)\">fit+ mit Wellhub nutzen<\/h1>\n\n\n\n<div class=\"wp-block-columns is-layout-flex wp-container-core-columns-is-layout-28f84493 wp-block-columns-is-layout-flex\">\n<div class=\"wp-block-column col-12 col-sm-auto is-layout-flow wp-block-column-is-layout-flow\">\n<p><\/p>\n\n\n\n<p>Beachte f\u00fcr den ersten Besuch bitte Folgendes:<\/p>\n\n\n\n<ul class=\"wp-block-list\">\n<li>Mit Ausl\u00f6sen des Check-ins auf der Wellhub-App wird dir auf deine bei Wellhub hinterlegte Adresse automatisch eine E-Mail gesendet mit deinen Logindaten und vor\u00fcbergehendem Passwort. Du kannst dein Passwort im Nachgang \u00e4ndern.<\/li>\n\n\n\n<li>Lade dir die fit+ App im <a href=\"https:\/\/apps.apple.com\/us\/app\/fit-club\/id1644699839\" target=\"_blank\" rel=\"noreferrer noopener\">Apple Store<\/a> oder <a href=\"https:\/\/play.google.com\/store\/apps\/details?id=de.fitplusint\" target=\"_blank\" rel=\"noreferrer noopener\">Google Play Store<\/a> herunter<\/li>\n\n\n\n<li>Logge dich mit den erhaltenen Logindaten in die fit+ App ein \u2013 nun ist dein fit+ Mitgliedskonto aktiviert<\/li>\n\n\n\n<li>Sobald du eingeloggt bist, kannst du einfach den bereitgestellten QR-Code Scanner in der fit+ App nutzen, um den QR-Code am Eingang zu scannen und Zutritt zum Studio erhalten<\/li>\n<\/ul>\n\n\n\n<p>Bei allen Folgebesuchen:<\/p>\n\n\n\n<ul class=\"wp-block-list\">\n<li>Check-In \u00fcber die Wellhub-App \u2013 ein Countdown startet<\/li>\n\n\n\n<li>\u00d6ffne die fit+ App, scanne den QR-Code am Eingang und erhalte Zutritt zum Studio<\/li>\n<\/ul>\n\n\n\n<p>Viel Spa\u00df beim Training!<\/p>\n<\/div>\n\n\n\n<div class=\"wp-block-column col-12 col-sm-auto is-layout-flow wp-block-column-is-layout-flow\">\n<figure class=\"wp-block-image size-full\"><img loading=\"lazy\" decoding=\"async\" width=\"618\" height=\"114\" src=\"https:\/\/dev.fitplus-club.de\/club-admin\/wp-content\/uploads\/sites\/9\/2025\/11\/wellhub.png\" alt=\"\" class=\"wp-image-10534\" srcset=\"https:\/\/dev.fitplus-club.de\/club-admin\/wp-content\/uploads\/sites\/9\/2025\/11\/wellhub.png 618w, https:\/\/dev.fitplus-club.de\/club-admin\/wp-content\/uploads\/sites\/9\/2025\/11\/wellhub-300x55.png 300w\" sizes=\"auto, (max-width: 618px) 100vw, 618px\" \/><\/figure>\n\n\n\n<figure class=\"wp-block-image size-full\"><img loading=\"lazy\" decoding=\"async\" width=\"800\" height=\"533\" src=\"https:\/\/dev.fitplus-club.de\/club-admin\/wp-content\/uploads\/sites\/9\/2025\/11\/fitplus-8.jpg\" alt=\"\" class=\"wp-image-10813\" srcset=\"https:\/\/dev.fitplus-club.de\/club-admin\/wp-content\/uploads\/sites\/9\/2025\/11\/fitplus-8.jpg 800w, https:\/\/dev.fitplus-club.de\/club-admin\/wp-content\/uploads\/sites\/9\/2025\/11\/fitplus-8-300x200.jpg 300w, https:\/\/dev.fitplus-club.de\/club-admin\/wp-content\/uploads\/sites\/9\/2025\/11\/fitplus-8-768x512.jpg 768w\" sizes=\"auto, (max-width: 800px) 100vw, 800px\" \/><\/figure>\n<\/div>\n<\/div>\n<\/div>\n","protected":false},"excerpt":{"rendered":"<p>fit+ mit Wellhub nutzen Beachte f\u00fcr den ersten Besuch bitte Folgendes: Bei allen Folgebesuchen: Viel Spa\u00df beim Training!<\/p>\n","protected":false},"author":1,"featured_media":0,"parent":0,"menu_order":0,"comment_status":"closed","ping_status":"closed","template":"","meta":{"greyd_block_editor_preview":[],"footnotes":"","latitude":"","longitude":"","dynamic_meta":[]},"class_list":["post-390","page","type-page","status-publish","hentry"],"yoast_head":"<!-- This site is optimized with the Yoast SEO plugin v27.3 - https:\/\/yoast.com\/product\/yoast-seo-wordpress\/ -->\n<title>Club Administration - Dein Fitnessstudio - Jetzt Mitglied werden<\/title>\n<meta name=\"description\" content=\"Das fit+ Fitnessstudio in Musterstadt ist 365 Tage von 06:00 - 23:00 Uhr ge\u00f6ffnet. Modernste Ger\u00e4te und g\u00fcnstige Mitgliedschaften. Vereinbare jetzt dein Probetraining!\" \/>\n<meta name=\"robots\" content=\"noindex, follow, max-snippet:-1, max-image-preview:large, max-video-preview:-1\" \/>\n<meta property=\"og:locale\" content=\"en_US\" \/>\n<meta property=\"og:type\" content=\"article\" \/>\n<meta property=\"og:title\" content=\"Club Administration - Dein Fitnessstudio - Jetzt Mitglied werden\" \/>\n<meta property=\"og:description\" content=\"Das fit+ Fitnessstudio in Musterstadt ist 365 Tage von 06:00 - 23:00 Uhr ge\u00f6ffnet. Modernste Ger\u00e4te und g\u00fcnstige Mitgliedschaften. Vereinbare jetzt dein Probetraining!\" \/>\n<meta property=\"og:url\" content=\"https:\/\/dev.fitplus-club.de\/club-admin\/wellhub\/\" \/>\n<meta property=\"og:site_name\" content=\"Club Administration\" \/>\n<meta property=\"article:modified_time\" content=\"2026-02-05T09:27:22+00:00\" \/>\n<meta property=\"og:image\" content=\"https:\/\/dev.fitplus-club.de\/club-admin\/wp-content\/uploads\/sites\/9\/2025\/11\/wellhub.png\" \/>\n\t<meta property=\"og:image:width\" content=\"618\" \/>\n\t<meta property=\"og:image:height\" content=\"114\" \/>\n\t<meta property=\"og:image:type\" content=\"image\/png\" \/>\n<meta name=\"twitter:card\" content=\"summary_large_image\" \/>\n<meta name=\"twitter:label1\" content=\"Est. reading time\" \/>\n\t<meta name=\"twitter:data1\" content=\"2 minutes\" \/>\n<script type=\"application\/ld+json\" class=\"yoast-schema-graph\">{\"@context\":\"https:\\\/\\\/schema.org\",\"@graph\":[{\"@type\":\"WebPage\",\"@id\":\"https:\\\/\\\/dev.fitplus-club.de\\\/club-admin\\\/wellhub\\\/\",\"url\":\"https:\\\/\\\/dev.fitplus-club.de\\\/club-admin\\\/wellhub\\\/\",\"name\":\"Club Administration - Dein Fitnessstudio - Jetzt Mitglied werden\",\"isPartOf\":{\"@id\":\"https:\\\/\\\/dev.fitplus-club.de\\\/club-admin\\\/#website\"},\"primaryImageOfPage\":{\"@id\":\"https:\\\/\\\/dev.fitplus-club.de\\\/club-admin\\\/wellhub\\\/#primaryimage\"},\"image\":{\"@id\":\"https:\\\/\\\/dev.fitplus-club.de\\\/club-admin\\\/wellhub\\\/#primaryimage\"},\"thumbnailUrl\":\"https:\\\/\\\/dev.fitplus-club.de\\\/club-admin\\\/wp-content\\\/uploads\\\/sites\\\/9\\\/2025\\\/11\\\/wellhub.png\",\"datePublished\":\"2025-09-17T10:25:39+00:00\",\"dateModified\":\"2026-02-05T09:27:22+00:00\",\"description\":\"Das fit+ Fitnessstudio in Musterstadt ist 365 Tage von 06:00 - 23:00 Uhr ge\u00f6ffnet. Modernste Ger\u00e4te und g\u00fcnstige Mitgliedschaften. Vereinbare jetzt dein Probetraining!\",\"breadcrumb\":{\"@id\":\"https:\\\/\\\/dev.fitplus-club.de\\\/club-admin\\\/wellhub\\\/#breadcrumb\"},\"inLanguage\":\"en-US\",\"potentialAction\":[{\"@type\":\"ReadAction\",\"target\":[\"https:\\\/\\\/dev.fitplus-club.de\\\/club-admin\\\/wellhub\\\/\"]}]},{\"@type\":\"ImageObject\",\"inLanguage\":\"en-US\",\"@id\":\"https:\\\/\\\/dev.fitplus-club.de\\\/club-admin\\\/wellhub\\\/#primaryimage\",\"url\":\"https:\\\/\\\/dev.fitplus-club.de\\\/club-admin\\\/wp-content\\\/uploads\\\/sites\\\/9\\\/2025\\\/11\\\/wellhub.png\",\"contentUrl\":\"https:\\\/\\\/dev.fitplus-club.de\\\/club-admin\\\/wp-content\\\/uploads\\\/sites\\\/9\\\/2025\\\/11\\\/wellhub.png\",\"width\":618,\"height\":114},{\"@type\":\"BreadcrumbList\",\"@id\":\"https:\\\/\\\/dev.fitplus-club.de\\\/club-admin\\\/wellhub\\\/#breadcrumb\",\"itemListElement\":[{\"@type\":\"ListItem\",\"position\":1,\"name\":\"Startseite\",\"item\":\"https:\\\/\\\/dev.fitplus-club.de\\\/club-admin\\\/\"},{\"@type\":\"ListItem\",\"position\":2,\"name\":\"Wellhub\"}]},{\"@type\":\"WebSite\",\"@id\":\"https:\\\/\\\/dev.fitplus-club.de\\\/club-admin\\\/#website\",\"url\":\"https:\\\/\\\/dev.fitplus-club.de\\\/club-admin\\\/\",\"name\":\"Club Administration\",\"description\":\"Admin Installation der Globalen Post Type Architekturen: Franchise Data, Pricing, Features, Gallery, Campain Hero, Formulare, Templates.\",\"publisher\":{\"@id\":\"https:\\\/\\\/dev.fitplus-club.de\\\/club-admin\\\/#organization\"},\"potentialAction\":[{\"@type\":\"SearchAction\",\"target\":{\"@type\":\"EntryPoint\",\"urlTemplate\":\"https:\\\/\\\/dev.fitplus-club.de\\\/club-admin\\\/?s={search_term_string}\"},\"query-input\":{\"@type\":\"PropertyValueSpecification\",\"valueRequired\":true,\"valueName\":\"search_term_string\"}}],\"inLanguage\":\"en-US\"},{\"@type\":\"Organization\",\"@id\":\"https:\\\/\\\/dev.fitplus-club.de\\\/club-admin\\\/#organization\",\"name\":\"Club Administration\",\"url\":\"https:\\\/\\\/dev.fitplus-club.de\\\/club-admin\\\/\",\"logo\":{\"@type\":\"ImageObject\",\"inLanguage\":\"en-US\",\"@id\":\"https:\\\/\\\/dev.fitplus-club.de\\\/club-admin\\\/#\\\/schema\\\/logo\\\/image\\\/\",\"url\":\"https:\\\/\\\/dev.fitplus-club.de\\\/club-admin\\\/wp-content\\\/uploads\\\/sites\\\/9\\\/2025\\\/10\\\/RZ_Logo_Fitplus.png\",\"contentUrl\":\"https:\\\/\\\/dev.fitplus-club.de\\\/club-admin\\\/wp-content\\\/uploads\\\/sites\\\/9\\\/2025\\\/10\\\/RZ_Logo_Fitplus.png\",\"width\":250,\"height\":145,\"caption\":\"Club Administration\"},\"image\":{\"@id\":\"https:\\\/\\\/dev.fitplus-club.de\\\/club-admin\\\/#\\\/schema\\\/logo\\\/image\\\/\"}}]}<\/script>\n<!-- \/ Yoast SEO plugin. -->","yoast_head_json":{"title":"Club Administration - Dein Fitnessstudio - Jetzt Mitglied werden","description":"Das fit+ Fitnessstudio in Musterstadt ist 365 Tage von 06:00 - 23:00 Uhr ge\u00f6ffnet. Modernste Ger\u00e4te und g\u00fcnstige Mitgliedschaften. Vereinbare jetzt dein Probetraining!","robots":{"index":"noindex","follow":"follow","max-snippet":"max-snippet:-1","max-image-preview":"max-image-preview:large","max-video-preview":"max-video-preview:-1"},"og_locale":"en_US","og_type":"article","og_title":"Club Administration - Dein Fitnessstudio - Jetzt Mitglied werden","og_description":"Das fit+ Fitnessstudio in Musterstadt ist 365 Tage von 06:00 - 23:00 Uhr ge\u00f6ffnet. Modernste Ger\u00e4te und g\u00fcnstige Mitgliedschaften. Vereinbare jetzt dein Probetraining!","og_url":"https:\/\/dev.fitplus-club.de\/club-admin\/wellhub\/","og_site_name":"Club Administration","article_modified_time":"2026-02-05T09:27:22+00:00","og_image":[{"width":618,"height":114,"url":"https:\/\/dev.fitplus-club.de\/club-admin\/wp-content\/uploads\/sites\/9\/2025\/11\/wellhub.png","type":"image\/png"}],"twitter_card":"summary_large_image","twitter_misc":{"Est. reading time":"2 minutes"},"schema":{"@context":"https:\/\/schema.org","@graph":[{"@type":"WebPage","@id":"https:\/\/dev.fitplus-club.de\/club-admin\/wellhub\/","url":"https:\/\/dev.fitplus-club.de\/club-admin\/wellhub\/","name":"Club Administration - Dein Fitnessstudio - Jetzt Mitglied werden","isPartOf":{"@id":"https:\/\/dev.fitplus-club.de\/club-admin\/#website"},"primaryImageOfPage":{"@id":"https:\/\/dev.fitplus-club.de\/club-admin\/wellhub\/#primaryimage"},"image":{"@id":"https:\/\/dev.fitplus-club.de\/club-admin\/wellhub\/#primaryimage"},"thumbnailUrl":"https:\/\/dev.fitplus-club.de\/club-admin\/wp-content\/uploads\/sites\/9\/2025\/11\/wellhub.png","datePublished":"2025-09-17T10:25:39+00:00","dateModified":"2026-02-05T09:27:22+00:00","description":"Das fit+ Fitnessstudio in Musterstadt ist 365 Tage von 06:00 - 23:00 Uhr ge\u00f6ffnet. Modernste Ger\u00e4te und g\u00fcnstige Mitgliedschaften. Vereinbare jetzt dein Probetraining!","breadcrumb":{"@id":"https:\/\/dev.fitplus-club.de\/club-admin\/wellhub\/#breadcrumb"},"inLanguage":"en-US","potentialAction":[{"@type":"ReadAction","target":["https:\/\/dev.fitplus-club.de\/club-admin\/wellhub\/"]}]},{"@type":"ImageObject","inLanguage":"en-US","@id":"https:\/\/dev.fitplus-club.de\/club-admin\/wellhub\/#primaryimage","url":"https:\/\/dev.fitplus-club.de\/club-admin\/wp-content\/uploads\/sites\/9\/2025\/11\/wellhub.png","contentUrl":"https:\/\/dev.fitplus-club.de\/club-admin\/wp-content\/uploads\/sites\/9\/2025\/11\/wellhub.png","width":618,"height":114},{"@type":"BreadcrumbList","@id":"https:\/\/dev.fitplus-club.de\/club-admin\/wellhub\/#breadcrumb","itemListElement":[{"@type":"ListItem","position":1,"name":"Startseite","item":"https:\/\/dev.fitplus-club.de\/club-admin\/"},{"@type":"ListItem","position":2,"name":"Wellhub"}]},{"@type":"WebSite","@id":"https:\/\/dev.fitplus-club.de\/club-admin\/#website","url":"https:\/\/dev.fitplus-club.de\/club-admin\/","name":"Club Administration","description":"Admin Installation der Globalen Post Type Architekturen: Franchise Data, Pricing, Features, Gallery, Campain Hero, Formulare, Templates.","publisher":{"@id":"https:\/\/dev.fitplus-club.de\/club-admin\/#organization"},"potentialAction":[{"@type":"SearchAction","target":{"@type":"EntryPoint","urlTemplate":"https:\/\/dev.fitplus-club.de\/club-admin\/?s={search_term_string}"},"query-input":{"@type":"PropertyValueSpecification","valueRequired":true,"valueName":"search_term_string"}}],"inLanguage":"en-US"},{"@type":"Organization","@id":"https:\/\/dev.fitplus-club.de\/club-admin\/#organization","name":"Club Administration","url":"https:\/\/dev.fitplus-club.de\/club-admin\/","logo":{"@type":"ImageObject","inLanguage":"en-US","@id":"https:\/\/dev.fitplus-club.de\/club-admin\/#\/schema\/logo\/image\/","url":"https:\/\/dev.fitplus-club.de\/club-admin\/wp-content\/uploads\/sites\/9\/2025\/10\/RZ_Logo_Fitplus.png","contentUrl":"https:\/\/dev.fitplus-club.de\/club-admin\/wp-content\/uploads\/sites\/9\/2025\/10\/RZ_Logo_Fitplus.png","width":250,"height":145,"caption":"Club Administration"},"image":{"@id":"https:\/\/dev.fitplus-club.de\/club-admin\/#\/schema\/logo\/image\/"}}]}},"_links":{"self":[{"href":"https:\/\/dev.fitplus-club.de\/club-admin\/wp-json\/wp\/v2\/pages\/390","targetHints":{"allow":["GET"]}}],"collection":[{"href":"https:\/\/dev.fitplus-club.de\/club-admin\/wp-json\/wp\/v2\/pages"}],"about":[{"href":"https:\/\/dev.fitplus-club.de\/club-admin\/wp-json\/wp\/v2\/types\/page"}],"author":[{"embeddable":true,"href":"https:\/\/dev.fitplus-club.de\/club-admin\/wp-json\/wp\/v2\/users\/1"}],"replies":[{"embeddable":true,"href":"https:\/\/dev.fitplus-club.de\/club-admin\/wp-json\/wp\/v2\/comments?post=390"}],"version-history":[{"count":7,"href":"https:\/\/dev.fitplus-club.de\/club-admin\/wp-json\/wp\/v2\/pages\/390\/revisions"}],"predecessor-version":[{"id":11029,"href":"https:\/\/dev.fitplus-club.de\/club-admin\/wp-json\/wp\/v2\/pages\/390\/revisions\/11029"}],"wp:attachment":[{"href":"https:\/\/dev.fitplus-club.de\/club-admin\/wp-json\/wp\/v2\/media?parent=390"}],"curies":[{"name":"wp","href":"https:\/\/api.w.org\/{rel}","templated":true}]}}