{"id":388,"date":"2025-09-17T12:25:19","date_gmt":"2025-09-17T10:25:19","guid":{"rendered":"https:\/\/dev.fitplus-club.de\/club-admin\/hansefit\/"},"modified":"2025-11-26T09:03:12","modified_gmt":"2025-11-26T08:03:12","slug":"hansefit","status":"publish","type":"page","link":"https:\/\/dev.fitplus-club.de\/club-admin\/hansefit\/","title":{"rendered":"Hansefit"},"content":{"rendered":"\n<div class=\"wp-block-group has-global-padding is-content-justification-left is-layout-constrained wp-container-core-group-is-layout-635ef456 wp-block-group-is-layout-constrained\" style=\"margin-top:0;margin-bottom:0;padding-top:var(--wp--preset--spacing--x-large);padding-bottom:var(--wp--preset--spacing--x-large)\">\n<h1 class=\"wp-block-heading has-text-align-left slanted-lr has-lightest-color has-foreground-background-color has-text-color has-background has-link-color wp-elements-e40b22fd6b9b6f5e29434b5d1530b254\" style=\"padding-top:var(--wp--preset--spacing--tiny);padding-right:var(--wp--preset--spacing--medium);padding-bottom:var(--wp--preset--spacing--tiny);padding-left:var(--wp--preset--spacing--medium)\">Hansefit bei fit+<\/h1>\n\n\n\n<p>Als Mitglied von Hansefit scannt ihr den Hansefit-QR-Code an der Eingangst\u00fcr eures Clubs mit der Hansefit-App und k\u00f6nnt mit dem Training beginnen.<\/p>\n\n\n\n<figure class=\"wp-block-image size-full\"><a href=\"https:\/\/hansefit.de\" target=\"_blank\" rel=\" noreferrer noopener\"><img loading=\"lazy\" decoding=\"async\" width=\"305\" height=\"60\" src=\"https:\/\/dev.fitplus-club.de\/club-admin\/wp-content\/uploads\/sites\/9\/2025\/10\/hansefit_rgb.png\" alt=\"\" class=\"wp-image-3321\" srcset=\"https:\/\/dev.fitplus-club.de\/club-admin\/wp-content\/uploads\/sites\/9\/2025\/10\/hansefit_rgb.png 305w, https:\/\/dev.fitplus-club.de\/club-admin\/wp-content\/uploads\/sites\/9\/2025\/10\/hansefit_rgb-300x59.png 300w\" sizes=\"auto, (max-width: 305px) 100vw, 305px\" \/><\/a><\/figure>\n\n\n\n<p>Das Training ist nur bei fit+ Clubs m\u00f6glich, die am Hansefit-Programm teilnehmen. Die Liste findest du in der Hansefit-App.<\/p>\n<\/div>\n","protected":false},"excerpt":{"rendered":"<p>Hansefit bei fit+ Als Mitglied von Hansefit scannt ihr den Hansefit-QR-Code an der Eingangst\u00fcr eures Clubs mit der Hansefit-App und k\u00f6nnt mit dem Training beginnen. Das Training ist nur bei fit+ Clubs m\u00f6glich, die am Hansefit-Programm teilnehmen. Die Liste findest du in der Hansefit-App.<\/p>\n","protected":false},"author":1,"featured_media":10813,"parent":0,"menu_order":0,"comment_status":"closed","ping_status":"closed","template":"","meta":{"greyd_block_editor_preview":[],"footnotes":"","latitude":"","longitude":"","dynamic_meta":[]},"class_list":["post-388","page","type-page","status-publish","has-post-thumbnail","hentry"],"yoast_head":"<!-- This site is optimized with the Yoast SEO plugin v27.3 - https:\/\/yoast.com\/product\/yoast-seo-wordpress\/ -->\n<title>Club Administration - Dein Fitnessstudio - Jetzt Mitglied werden<\/title>\n<meta name=\"description\" content=\"Das fit+ Fitnessstudio in Musterstadt ist 365 Tage von 06:00 - 23:00 Uhr ge\u00f6ffnet. Modernste Ger\u00e4te und g\u00fcnstige Mitgliedschaften. Vereinbare jetzt dein Probetraining!\" \/>\n<meta name=\"robots\" content=\"noindex, follow, max-snippet:-1, max-image-preview:large, max-video-preview:-1\" \/>\n<meta property=\"og:locale\" content=\"en_US\" \/>\n<meta property=\"og:type\" content=\"article\" \/>\n<meta property=\"og:title\" content=\"Club Administration - Dein Fitnessstudio - Jetzt Mitglied werden\" \/>\n<meta property=\"og:description\" content=\"Das fit+ Fitnessstudio in Musterstadt ist 365 Tage von 06:00 - 23:00 Uhr ge\u00f6ffnet. Modernste Ger\u00e4te und g\u00fcnstige Mitgliedschaften. Vereinbare jetzt dein Probetraining!\" \/>\n<meta property=\"og:url\" content=\"https:\/\/dev.fitplus-club.de\/club-admin\/hansefit\/\" \/>\n<meta property=\"og:site_name\" content=\"Club Administration\" \/>\n<meta property=\"article:modified_time\" content=\"2025-11-26T08:03:12+00:00\" \/>\n<meta property=\"og:image\" content=\"https:\/\/dev.fitplus-club.de\/club-admin\/wp-content\/uploads\/sites\/9\/2025\/11\/fitplus-8.jpg\" \/>\n\t<meta property=\"og:image:width\" content=\"800\" \/>\n\t<meta property=\"og:image:height\" content=\"533\" \/>\n\t<meta property=\"og:image:type\" content=\"image\/jpeg\" \/>\n<meta name=\"twitter:card\" content=\"summary_large_image\" \/>\n<meta name=\"twitter:label1\" content=\"Est. reading time\" \/>\n\t<meta name=\"twitter:data1\" content=\"1 minute\" \/>\n<script type=\"application\/ld+json\" class=\"yoast-schema-graph\">{\"@context\":\"https:\\\/\\\/schema.org\",\"@graph\":[{\"@type\":\"WebPage\",\"@id\":\"https:\\\/\\\/dev.fitplus-club.de\\\/club-admin\\\/hansefit\\\/\",\"url\":\"https:\\\/\\\/dev.fitplus-club.de\\\/club-admin\\\/hansefit\\\/\",\"name\":\"Club Administration - Dein Fitnessstudio - Jetzt Mitglied werden\",\"isPartOf\":{\"@id\":\"https:\\\/\\\/dev.fitplus-club.de\\\/club-admin\\\/#website\"},\"primaryImageOfPage\":{\"@id\":\"https:\\\/\\\/dev.fitplus-club.de\\\/club-admin\\\/hansefit\\\/#primaryimage\"},\"image\":{\"@id\":\"https:\\\/\\\/dev.fitplus-club.de\\\/club-admin\\\/hansefit\\\/#primaryimage\"},\"thumbnailUrl\":\"https:\\\/\\\/dev.fitplus-club.de\\\/club-admin\\\/wp-content\\\/uploads\\\/sites\\\/9\\\/2025\\\/11\\\/fitplus-8.jpg\",\"datePublished\":\"2025-09-17T10:25:19+00:00\",\"dateModified\":\"2025-11-26T08:03:12+00:00\",\"description\":\"Das fit+ Fitnessstudio in Musterstadt ist 365 Tage von 06:00 - 23:00 Uhr ge\u00f6ffnet. Modernste Ger\u00e4te und g\u00fcnstige Mitgliedschaften. Vereinbare jetzt dein Probetraining!\",\"breadcrumb\":{\"@id\":\"https:\\\/\\\/dev.fitplus-club.de\\\/club-admin\\\/hansefit\\\/#breadcrumb\"},\"inLanguage\":\"en-US\",\"potentialAction\":[{\"@type\":\"ReadAction\",\"target\":[\"https:\\\/\\\/dev.fitplus-club.de\\\/club-admin\\\/hansefit\\\/\"]}]},{\"@type\":\"ImageObject\",\"inLanguage\":\"en-US\",\"@id\":\"https:\\\/\\\/dev.fitplus-club.de\\\/club-admin\\\/hansefit\\\/#primaryimage\",\"url\":\"https:\\\/\\\/dev.fitplus-club.de\\\/club-admin\\\/wp-content\\\/uploads\\\/sites\\\/9\\\/2025\\\/11\\\/fitplus-8.jpg\",\"contentUrl\":\"https:\\\/\\\/dev.fitplus-club.de\\\/club-admin\\\/wp-content\\\/uploads\\\/sites\\\/9\\\/2025\\\/11\\\/fitplus-8.jpg\",\"width\":800,\"height\":533},{\"@type\":\"BreadcrumbList\",\"@id\":\"https:\\\/\\\/dev.fitplus-club.de\\\/club-admin\\\/hansefit\\\/#breadcrumb\",\"itemListElement\":[{\"@type\":\"ListItem\",\"position\":1,\"name\":\"Startseite\",\"item\":\"https:\\\/\\\/dev.fitplus-club.de\\\/club-admin\\\/\"},{\"@type\":\"ListItem\",\"position\":2,\"name\":\"Hansefit\"}]},{\"@type\":\"WebSite\",\"@id\":\"https:\\\/\\\/dev.fitplus-club.de\\\/club-admin\\\/#website\",\"url\":\"https:\\\/\\\/dev.fitplus-club.de\\\/club-admin\\\/\",\"name\":\"Club Administration\",\"description\":\"Admin Installation der Globalen Post Type Architekturen: Franchise Data, Pricing, Features, Gallery, Campain Hero, Formulare, Templates.\",\"publisher\":{\"@id\":\"https:\\\/\\\/dev.fitplus-club.de\\\/club-admin\\\/#organization\"},\"potentialAction\":[{\"@type\":\"SearchAction\",\"target\":{\"@type\":\"EntryPoint\",\"urlTemplate\":\"https:\\\/\\\/dev.fitplus-club.de\\\/club-admin\\\/?s={search_term_string}\"},\"query-input\":{\"@type\":\"PropertyValueSpecification\",\"valueRequired\":true,\"valueName\":\"search_term_string\"}}],\"inLanguage\":\"en-US\"},{\"@type\":\"Organization\",\"@id\":\"https:\\\/\\\/dev.fitplus-club.de\\\/club-admin\\\/#organization\",\"name\":\"Club Administration\",\"url\":\"https:\\\/\\\/dev.fitplus-club.de\\\/club-admin\\\/\",\"logo\":{\"@type\":\"ImageObject\",\"inLanguage\":\"en-US\",\"@id\":\"https:\\\/\\\/dev.fitplus-club.de\\\/club-admin\\\/#\\\/schema\\\/logo\\\/image\\\/\",\"url\":\"https:\\\/\\\/dev.fitplus-club.de\\\/club-admin\\\/wp-content\\\/uploads\\\/sites\\\/9\\\/2025\\\/10\\\/RZ_Logo_Fitplus.png\",\"contentUrl\":\"https:\\\/\\\/dev.fitplus-club.de\\\/club-admin\\\/wp-content\\\/uploads\\\/sites\\\/9\\\/2025\\\/10\\\/RZ_Logo_Fitplus.png\",\"width\":250,\"height\":145,\"caption\":\"Club Administration\"},\"image\":{\"@id\":\"https:\\\/\\\/dev.fitplus-club.de\\\/club-admin\\\/#\\\/schema\\\/logo\\\/image\\\/\"}}]}<\/script>\n<!-- \/ Yoast SEO plugin. -->","yoast_head_json":{"title":"Club Administration - Dein Fitnessstudio - Jetzt Mitglied werden","description":"Das fit+ Fitnessstudio in Musterstadt ist 365 Tage von 06:00 - 23:00 Uhr ge\u00f6ffnet. Modernste Ger\u00e4te und g\u00fcnstige Mitgliedschaften. Vereinbare jetzt dein Probetraining!","robots":{"index":"noindex","follow":"follow","max-snippet":"max-snippet:-1","max-image-preview":"max-image-preview:large","max-video-preview":"max-video-preview:-1"},"og_locale":"en_US","og_type":"article","og_title":"Club Administration - Dein Fitnessstudio - Jetzt Mitglied werden","og_description":"Das fit+ Fitnessstudio in Musterstadt ist 365 Tage von 06:00 - 23:00 Uhr ge\u00f6ffnet. Modernste Ger\u00e4te und g\u00fcnstige Mitgliedschaften. Vereinbare jetzt dein Probetraining!","og_url":"https:\/\/dev.fitplus-club.de\/club-admin\/hansefit\/","og_site_name":"Club Administration","article_modified_time":"2025-11-26T08:03:12+00:00","og_image":[{"width":800,"height":533,"url":"https:\/\/dev.fitplus-club.de\/club-admin\/wp-content\/uploads\/sites\/9\/2025\/11\/fitplus-8.jpg","type":"image\/jpeg"}],"twitter_card":"summary_large_image","twitter_misc":{"Est. reading time":"1 minute"},"schema":{"@context":"https:\/\/schema.org","@graph":[{"@type":"WebPage","@id":"https:\/\/dev.fitplus-club.de\/club-admin\/hansefit\/","url":"https:\/\/dev.fitplus-club.de\/club-admin\/hansefit\/","name":"Club Administration - Dein Fitnessstudio - Jetzt Mitglied werden","isPartOf":{"@id":"https:\/\/dev.fitplus-club.de\/club-admin\/#website"},"primaryImageOfPage":{"@id":"https:\/\/dev.fitplus-club.de\/club-admin\/hansefit\/#primaryimage"},"image":{"@id":"https:\/\/dev.fitplus-club.de\/club-admin\/hansefit\/#primaryimage"},"thumbnailUrl":"https:\/\/dev.fitplus-club.de\/club-admin\/wp-content\/uploads\/sites\/9\/2025\/11\/fitplus-8.jpg","datePublished":"2025-09-17T10:25:19+00:00","dateModified":"2025-11-26T08:03:12+00:00","description":"Das fit+ Fitnessstudio in Musterstadt ist 365 Tage von 06:00 - 23:00 Uhr ge\u00f6ffnet. Modernste Ger\u00e4te und g\u00fcnstige Mitgliedschaften. Vereinbare jetzt dein Probetraining!","breadcrumb":{"@id":"https:\/\/dev.fitplus-club.de\/club-admin\/hansefit\/#breadcrumb"},"inLanguage":"en-US","potentialAction":[{"@type":"ReadAction","target":["https:\/\/dev.fitplus-club.de\/club-admin\/hansefit\/"]}]},{"@type":"ImageObject","inLanguage":"en-US","@id":"https:\/\/dev.fitplus-club.de\/club-admin\/hansefit\/#primaryimage","url":"https:\/\/dev.fitplus-club.de\/club-admin\/wp-content\/uploads\/sites\/9\/2025\/11\/fitplus-8.jpg","contentUrl":"https:\/\/dev.fitplus-club.de\/club-admin\/wp-content\/uploads\/sites\/9\/2025\/11\/fitplus-8.jpg","width":800,"height":533},{"@type":"BreadcrumbList","@id":"https:\/\/dev.fitplus-club.de\/club-admin\/hansefit\/#breadcrumb","itemListElement":[{"@type":"ListItem","position":1,"name":"Startseite","item":"https:\/\/dev.fitplus-club.de\/club-admin\/"},{"@type":"ListItem","position":2,"name":"Hansefit"}]},{"@type":"WebSite","@id":"https:\/\/dev.fitplus-club.de\/club-admin\/#website","url":"https:\/\/dev.fitplus-club.de\/club-admin\/","name":"Club Administration","description":"Admin Installation der Globalen Post Type Architekturen: Franchise Data, Pricing, Features, Gallery, Campain Hero, Formulare, Templates.","publisher":{"@id":"https:\/\/dev.fitplus-club.de\/club-admin\/#organization"},"potentialAction":[{"@type":"SearchAction","target":{"@type":"EntryPoint","urlTemplate":"https:\/\/dev.fitplus-club.de\/club-admin\/?s={search_term_string}"},"query-input":{"@type":"PropertyValueSpecification","valueRequired":true,"valueName":"search_term_string"}}],"inLanguage":"en-US"},{"@type":"Organization","@id":"https:\/\/dev.fitplus-club.de\/club-admin\/#organization","name":"Club Administration","url":"https:\/\/dev.fitplus-club.de\/club-admin\/","logo":{"@type":"ImageObject","inLanguage":"en-US","@id":"https:\/\/dev.fitplus-club.de\/club-admin\/#\/schema\/logo\/image\/","url":"https:\/\/dev.fitplus-club.de\/club-admin\/wp-content\/uploads\/sites\/9\/2025\/10\/RZ_Logo_Fitplus.png","contentUrl":"https:\/\/dev.fitplus-club.de\/club-admin\/wp-content\/uploads\/sites\/9\/2025\/10\/RZ_Logo_Fitplus.png","width":250,"height":145,"caption":"Club Administration"},"image":{"@id":"https:\/\/dev.fitplus-club.de\/club-admin\/#\/schema\/logo\/image\/"}}]}},"_links":{"self":[{"href":"https:\/\/dev.fitplus-club.de\/club-admin\/wp-json\/wp\/v2\/pages\/388","targetHints":{"allow":["GET"]}}],"collection":[{"href":"https:\/\/dev.fitplus-club.de\/club-admin\/wp-json\/wp\/v2\/pages"}],"about":[{"href":"https:\/\/dev.fitplus-club.de\/club-admin\/wp-json\/wp\/v2\/types\/page"}],"author":[{"embeddable":true,"href":"https:\/\/dev.fitplus-club.de\/club-admin\/wp-json\/wp\/v2\/users\/1"}],"replies":[{"embeddable":true,"href":"https:\/\/dev.fitplus-club.de\/club-admin\/wp-json\/wp\/v2\/comments?post=388"}],"version-history":[{"count":7,"href":"https:\/\/dev.fitplus-club.de\/club-admin\/wp-json\/wp\/v2\/pages\/388\/revisions"}],"predecessor-version":[{"id":10662,"href":"https:\/\/dev.fitplus-club.de\/club-admin\/wp-json\/wp\/v2\/pages\/388\/revisions\/10662"}],"wp:featuredmedia":[{"embeddable":true,"href":"https:\/\/dev.fitplus-club.de\/club-admin\/wp-json\/wp\/v2\/media\/10813"}],"wp:attachment":[{"href":"https:\/\/dev.fitplus-club.de\/club-admin\/wp-json\/wp\/v2\/media?parent=388"}],"curies":[{"name":"wp","href":"https:\/\/api.w.org\/{rel}","templated":true}]}}