{"id":376,"date":"2025-09-17T11:57:56","date_gmt":"2025-09-17T09:57:56","guid":{"rendered":"https:\/\/dev.fitplus-club.de\/club-admin\/interessent\/"},"modified":"2026-02-04T18:43:47","modified_gmt":"2026-02-04T17:43:47","slug":"interessent","status":"publish","type":"page","link":"https:\/\/dev.fitplus-club.de\/club-admin\/faq\/interessent\/","title":{"rendered":"Interessent"},"content":{"rendered":"\n<div class=\"wp-block-group has-global-padding is-content-justification-left is-layout-constrained wp-container-core-group-is-layout-88a52fdb wp-block-group-is-layout-constrained\" style=\"padding-top:var(--wp--preset--spacing--x-large);padding-bottom:var(--wp--preset--spacing--x-large)\">\n<h1 class=\"wp-block-heading has-text-align-center slanted-lr has-lightest-color has-foreground-background-color has-text-color has-background has-link-color has-x-large-font-size wp-elements-cab249a4a7289f102338a4fa0e1c4726\" style=\"padding-top:var(--wp--preset--spacing--tiny);padding-right:var(--wp--preset--spacing--medium);padding-bottom:var(--wp--preset--spacing--tiny);padding-left:var(--wp--preset--spacing--medium)\">H\u00e4ufig gestellte Fragen f\u00fcr Interessenten<\/h1>\n\n\n\n\n\n<h3 class=\"wp-block-heading\">Alles rund um eine neue Mitgliedschaft bei fit+<\/h3>\n\n\n\n<div class=\"wp-block-group has-global-padding is-layout-constrained wp-block-group-is-layout-constrained\">\n<h4 class=\"wp-block-heading\">Ist eine Clubbesichtigung m\u00f6glich?<\/h4>\n\n\n\n<p>Du kannst dir \u00fcber unsere fit+ App oder unter diesem Link (<a href=\"https:\/\/sofortzugang.fitplus-club.de\/\">https:\/\/sofortzugang.fitplus-club.de\/<\/a>) einen einmaligen Zugangscode sichern und dir so das Studio gerne in Ruhe anschauen.<br><br>F\u00fcr unsere Clubs in Norddeutschland (T\u00f6nning, Wiefelstede, Kellinghusen, Hagenow, Moringen, Wittenburg, Hesel, Teterow) w\u00e4hle bitte folgenden Link:&nbsp;<a href=\"https:\/\/fitplus-club.de\/sofortzugang-nord\">https:\/\/fitplus-club.de\/sofortzugang-nord<\/a>)<\/p>\n\n\n\n<hr class=\"wp-block-separator has-css-opacity\"\/>\n<\/div>\n\n\n\n<div class=\"wp-block-group has-global-padding is-layout-constrained wp-block-group-is-layout-constrained\">\n<h4 class=\"wp-block-heading\">Ist ein Probetraining m\u00f6glich?<\/h4>\n\n\n\n<p>Du kannst dir in unserer fit+ App oder unter diesem Link (<a href=\"https:\/\/sofortzugang.fitplus-club.de\/\">https:\/\/sofortzugang.fitplus-club.de\/<\/a>) einen einmaligen Zugangscode sichern und dir so das Studio gerne in Ruhe anschauen.<br><br>F\u00fcr unsere Clubs in Norddeutschland (T\u00f6nning, Wiefelstede, Kellinghusen, Hagenow, Moringen, Wittenburg, Hesel, Teterow) w\u00e4hle bitte folgenden Link:&nbsp;<a href=\"https:\/\/fitplus-club.de\/sofortzugang-nord\">https:\/\/fitplus-club.de\/sofortzugang-nord<\/a>)<\/p>\n\n\n\n<p>Einen Trainer f\u00fcr ein Probetraining stellen wir nicht zur Verf\u00fcgung.<\/p>\n\n\n\n<p>Das kostenlose Probetraining muss innerhalb von 72 Stunden nach Buchung in Anspruch genommen werden. Ansonsten verf\u00e4llt das Probetraining. Ein Probetraining kann nur einmalig gebucht werden.<\/p>\n\n\n\n<hr class=\"wp-block-separator has-css-opacity\"\/>\n<\/div>\n\n\n\n<div class=\"wp-block-group has-global-padding is-layout-constrained wp-block-group-is-layout-constrained\">\n<h4 class=\"wp-block-heading\">Was beinhaltet die Aufnahmegeb\u00fchr?<\/h4>\n\n\n\n<p>Die Aufnahmegeb\u00fchr ist eine einmalige Geb\u00fchr und wird mit dem ersten Mitgliedsbeitrag abgezogen. Die Geb\u00fchr beinhaltet die Anlage der Person in die Software und die Erteilung eines Zugangs zum Club.<\/p>\n\n\n\n<hr class=\"wp-block-separator has-css-opacity\"\/>\n<\/div>\n\n\n\n<div class=\"wp-block-group has-global-padding is-layout-constrained wp-block-group-is-layout-constrained\">\n<h4 class=\"wp-block-heading\">Welche Vertragslaufzeiten gibt es?<\/h4>\n\n\n\n<p>Alle Clubs haben 24, 14 und 9 Monate laufende Laufzeiten. Du kannst dich bei deinem Club direkt anmelden. Die Auswahl des Clubs ist hier m\u00f6glich: <a href=\"https:\/\/fitplus-club.de\/clubfinder\/\">https:\/\/fitplus-club.de\/clubfinder\/<\/a><\/p>\n\n\n\n<p>Meistens bieten unsere Clubs attraktive Einstiegsangebote an.<\/p>\n\n\n\n<hr class=\"wp-block-separator has-css-opacity\"\/>\n<\/div>\n\n\n\n<div class=\"wp-block-group has-global-padding is-layout-constrained wp-block-group-is-layout-constrained\">\n<h4 class=\"wp-block-heading\">Welche Beitr\u00e4ge werden angeboten?<\/h4>\n\n\n\n<p>Je nach Standort und Betreiber gibt es verschiedene Angebote. Bitte w\u00e4hle deinen Club und pr\u00fcfe dort <a href=\"https:\/\/fitplus-club.de\/clubfinder\/\">https:\/\/fitplus-club.de\/clubfinder\/<\/a> das aktuelle Angebot.<\/p>\n\n\n\n<hr class=\"wp-block-separator has-css-opacity\"\/>\n<\/div>\n\n\n\n<div class=\"wp-block-group has-global-padding is-layout-constrained wp-block-group-is-layout-constrained\">\n<h4 class=\"wp-block-heading\">Wann wird der Mitgliedsbeitrag abgebucht?<\/h4>\n\n\n\n<p>Die Abbuchung erfolgt immer am Anfang des Monats (ca. am 3. Werktag). Ein abweichender Abbuchungstermin (Mitte oder Ende des Monats ist nicht m\u00f6glich). Bitte sorge f\u00fcr eine ausreichende Deckung deines Kontos um unn\u00f6tige R\u00fccklastschriftgeb\u00fchren zu vermeiden.<\/p>\n\n\n\n<hr class=\"wp-block-separator has-css-opacity\"\/>\n<\/div>\n\n\n\n<div class=\"wp-block-group has-global-padding is-layout-constrained wp-block-group-is-layout-constrained\">\n<h4 class=\"wp-block-heading\">Wie alt muss ich sein, um bei euch trainieren zu k\u00f6nnen?<\/h4>\n\n\n\n<p>Grunds\u00e4tzlich kann jeder ab 16 Jahren bei uns trainieren. Voraussetzung, wenn du unter 18 Jahren bist, dass aus \u00e4rztlicher Sicht nichts gegen ein moderates Krafttraining spricht und deine Eltern damit einverstanden sind.<\/p>\n\n\n\n<hr class=\"wp-block-separator has-css-opacity\"\/>\n<\/div>\n\n\n\n<div class=\"wp-block-group has-global-padding is-layout-constrained wp-block-group-is-layout-constrained\">\n<h4 class=\"wp-block-heading\">Kann ich mit meiner Mitgliedschaft in allen fit+ Studios trainieren?<\/h4>\n\n\n\n<p>Du kannst mit deiner Mitgliedschaft in deinem Heim-Studio sooft trainieren wie du m\u00f6chtest und in allen anderen Studios bis zu 4x im Monat.<\/p>\n\n\n\n<hr class=\"wp-block-separator has-css-opacity\"\/>\n<\/div>\n\n\n\n<div class=\"wp-block-group has-global-padding is-layout-constrained wp-block-group-is-layout-constrained\">\n<h3 class=\"wp-block-heading\"><strong>Ausstattung \/ Training<\/strong><\/h3>\n\n\n\n<h4 class=\"wp-block-heading\">Was ist denn die Ger\u00e4teausstattung von fit+?<\/h4>\n\n\n\n<p>Alle fit+ Clubs sind mit einem Standard gleich ausgestattet. Dazu geh\u00f6ren verschieden Cardio und Kraftger\u00e4te, eine M\u00f6glichkeit zum Beweglichkeitstraining, Freihanteln bis 37.5 KG. Einige Clubs bieten dar\u00fcber hinaus zus\u00e4tzliche Leistungen an, die du auf der Seite der einzelnen Standorte sehen kannst.<\/p>\n\n\n\n<hr class=\"wp-block-separator has-css-opacity\"\/>\n<\/div>\n\n\n\n<div class=\"wp-block-group has-global-padding is-layout-constrained wp-block-group-is-layout-constrained\">\n<h4 class=\"wp-block-heading\">Bieten fit+ Gruppenkurse an?<\/h4>\n\n\n\n<p>Nicht als Standardleistung -einige Clubs bieten Gruppenkurse an, du findest die Information dazu auf der Seite der einzelnen Standorte.<\/p>\n\n\n\n<hr class=\"wp-block-separator has-css-opacity\"\/>\n<\/div>\n\n\n\n<div class=\"wp-block-group has-global-padding is-layout-constrained wp-block-group-is-layout-constrained\">\n<h4 class=\"wp-block-heading\">Wie komme ich an einen Trainingsplan?<\/h4>\n\n\n\n<p>Freue dich auf den virtuellen Coach in der fit+ App, mit dem du deine Fitnessziele so schnell wie noch nie erreichen kannst. Auf Basis deiner individuellen Voraussetzungen erh\u00e4ltst du ganz pers\u00f6nliche Trainingspl\u00e4ne mit \u00fcbersichtlichen \u00dcbungsanleitungen (Video und Text) und variablen Einstellungsm\u00f6glichkeiten. Hol dir jetzt deinen Trainingsplan in der fit+ App f\u00fcr deinen Trainingserfolg!<\/p>\n\n\n\n<figure class=\"wp-block-image size-full\"><a href=\"https:\/\/apps.apple.com\/us\/app\/fit-club\/id1644699839\" target=\"_blank\" rel=\" noreferrer noopener\"><img loading=\"lazy\" decoding=\"async\" width=\"200\" height=\"67\" src=\"https:\/\/dev.fitplus-club.de\/club-admin\/wp-content\/uploads\/sites\/9\/2025\/07\/Download_on_the_App_Store_Badge_DE_RGB_blk_092917_200x67.png\" alt=\"\" class=\"wp-image-205\"\/><\/a><\/figure>\n\n\n\n<figure class=\"wp-block-image size-full\"><a href=\"https:\/\/play.google.com\/store\/apps\/details?id=de.fitplusint\" target=\"_blank\" rel=\" noreferrer noopener\"><img loading=\"lazy\" decoding=\"async\" width=\"200\" height=\"77\" src=\"https:\/\/dev.fitplus-club.de\/club-admin\/wp-content\/uploads\/sites\/9\/2025\/07\/DE_google-play-badge_200x77.png\" alt=\"\" class=\"wp-image-204\"\/><\/a><\/figure>\n\n\n\n<hr class=\"wp-block-separator has-css-opacity\"\/>\n<\/div>\n\n\n\n<div class=\"wp-block-group has-global-padding is-layout-constrained wp-block-group-is-layout-constrained\">\n<h4 class=\"wp-block-heading\">Sind Trainer vorhanden und qualifiziert?<\/h4>\n\n\n\n<p>Du kannst jederzeit einen qualifizierten Trainer dazu buchen. Kontaktiere dazu bitte deinen Club (<a href=\"https:\/\/fitplus-club.de\/clubfinder\/\">https:\/\/fitplus-club.de\/clubfinder\/<\/a>).<\/p>\n\n\n\n<hr class=\"wp-block-separator has-css-opacity\"\/>\n<\/div>\n\n\n\n<div class=\"wp-block-group has-global-padding is-layout-constrained wp-block-group-is-layout-constrained\">\n<h4 class=\"wp-block-heading\">Wie komme ich ins Studio?<\/h4>\n\n\n\n<p>\u00dcber die fit+ App, die du im <a href=\"https:\/\/apps.apple.com\/us\/app\/fit-club\/id1644699839\" target=\"_blank\" rel=\"noopener\" title=\"\">Apple Store<\/a> oder <a href=\"https:\/\/play.google.com\/store\/apps\/details?id=de.fitplusint\" target=\"_blank\" rel=\"noopener\" title=\"\">Google Play Store<\/a> herunterladen kannst.<\/p>\n\n\n\n\n\n<hr class=\"wp-block-separator has-css-opacity\"\/>\n<\/div>\n\n\n\n<div class=\"wp-block-group has-global-padding is-layout-constrained wp-block-group-is-layout-constrained\">\n<h4 class=\"wp-block-heading\">Sind die Spinde abschlie\u00dfbar?<\/h4>\n\n\n\n<p>Um seine mitgebrachten Gegenst\u00e4nde sicher im Club aufbewahren zu k\u00f6nnen, ben\u00f6tigst du ein Vorh\u00e4ngeschloss, das du bitte selbst mitbringst. Damit sind die Spinde abschlie\u00dfbar.<\/p>\n\n\n\n<hr class=\"wp-block-separator has-css-opacity\"\/>\n<\/div>\n\n\n\n<div class=\"wp-block-group has-global-padding is-layout-constrained wp-block-group-is-layout-constrained\">\n<h4 class=\"wp-block-heading\">Sind Umkleidekabinen vorhanden?<\/h4>\n\n\n\n<p>Ja, diese sind in jedem Studio vorhanden. Die Anzahl richtet sich nach der Gr\u00f6\u00dfe des Studios.<\/p>\n\n\n\n<hr class=\"wp-block-separator has-css-opacity\"\/>\n<\/div>\n\n\n\n<div class=\"wp-block-group has-global-padding is-layout-constrained wp-block-group-is-layout-constrained\">\n<h4 class=\"wp-block-heading\">Sind Duschen vorhanden?<\/h4>\n\n\n\n<p>Das richtet sich nach dem jeweiligen Standort und ist in der ausf\u00fchrlichen Studiobeschreibung aufgelistet. Mehr als 90 % aller fit+ Studios sind mit Duschen ausgestattet.<\/p>\n\n\n\n<hr class=\"wp-block-separator has-css-opacity\"\/>\n<\/div>\n\n\n\n<div class=\"wp-block-group has-global-padding is-layout-constrained wp-block-group-is-layout-constrained\">\n<h4 class=\"wp-block-heading\">Ich habe Angst davor, alleine im Studio zu sein.<\/h4>\n\n\n\n<p>Die meiste Zeit wirst du gar nicht alleine im Studio sein. Ansonsten benutze einfach dein Smartphone, um Hilfe zu rufen. Wenn du nicht gerne alleine im Studio sein willst, verabrede dich mit anderen Mitgliedern oder nimm deine Freunde mit \u2013 hierf\u00fcr gibt es \u00fcbrigens noch eine tolle\u00a0Freunde-werben-Freunde-Kampagne. Bei allen teilnehmenden Clubs findest du den Link unter \/freunde.<\/p>\n\n\n\n<hr class=\"wp-block-separator has-css-opacity\"\/>\n<\/div>\n<\/div>\n","protected":false},"excerpt":{"rendered":"<p>H\u00e4ufig gestellte Fragen f\u00fcr Interessenten Alles rund um eine neue Mitgliedschaft bei fit+ Ist eine Clubbesichtigung m\u00f6glich? Du kannst dir \u00fcber unsere fit+ App oder unter diesem Link (https:\/\/sofortzugang.fitplus-club.de\/) einen einmaligen Zugangscode sichern und dir so das Studio gerne in Ruhe anschauen. F\u00fcr unsere Clubs in Norddeutschland (T\u00f6nning, Wiefelstede, Kellinghusen, Hagenow, Moringen, Wittenburg, Hesel, Teterow) [&hellip;]<\/p>\n","protected":false},"author":1,"featured_media":0,"parent":371,"menu_order":0,"comment_status":"closed","ping_status":"closed","template":"","meta":{"greyd_block_editor_preview":[],"footnotes":"","latitude":"","longitude":"","dynamic_meta":[]},"class_list":["post-376","page","type-page","status-publish","hentry"],"yoast_head":"<!-- This site is optimized with the Yoast SEO plugin v27.3 - https:\/\/yoast.com\/product\/yoast-seo-wordpress\/ -->\n<title>Club Administration - Dein Fitnessstudio - Jetzt Mitglied werden<\/title>\n<meta name=\"description\" content=\"Das fit+ Fitnessstudio in Musterstadt ist 365 Tage von 06:00 - 23:00 Uhr ge\u00f6ffnet. Modernste Ger\u00e4te und g\u00fcnstige Mitgliedschaften. Vereinbare jetzt dein Probetraining!\" \/>\n<meta name=\"robots\" content=\"noindex, follow, max-snippet:-1, max-image-preview:large, max-video-preview:-1\" \/>\n<meta property=\"og:locale\" content=\"en_US\" \/>\n<meta property=\"og:type\" content=\"article\" \/>\n<meta property=\"og:title\" content=\"Club Administration - Dein Fitnessstudio - Jetzt Mitglied werden\" \/>\n<meta property=\"og:description\" content=\"Das fit+ Fitnessstudio in Musterstadt ist 365 Tage von 06:00 - 23:00 Uhr ge\u00f6ffnet. Modernste Ger\u00e4te und g\u00fcnstige Mitgliedschaften. Vereinbare jetzt dein Probetraining!\" \/>\n<meta property=\"og:url\" content=\"https:\/\/dev.fitplus-club.de\/club-admin\/faq\/interessent\/\" \/>\n<meta property=\"og:site_name\" content=\"Club Administration\" \/>\n<meta property=\"article:modified_time\" content=\"2026-02-04T17:43:47+00:00\" \/>\n<meta property=\"og:image\" content=\"https:\/\/dev.fitplus-club.de\/club-admin\/wp-content\/uploads\/sites\/9\/2025\/07\/Download_on_the_App_Store_Badge_DE_RGB_blk_092917_200x67.png\" \/>\n\t<meta property=\"og:image:width\" content=\"200\" \/>\n\t<meta property=\"og:image:height\" content=\"67\" \/>\n\t<meta property=\"og:image:type\" content=\"image\/png\" \/>\n<meta name=\"twitter:card\" content=\"summary_large_image\" \/>\n<meta name=\"twitter:label1\" content=\"Est. reading time\" \/>\n\t<meta name=\"twitter:data1\" content=\"3 minutes\" \/>\n<script type=\"application\/ld+json\" class=\"yoast-schema-graph\">{\"@context\":\"https:\\\/\\\/schema.org\",\"@graph\":[{\"@type\":\"WebPage\",\"@id\":\"https:\\\/\\\/dev.fitplus-club.de\\\/club-admin\\\/faq\\\/interessent\\\/\",\"url\":\"https:\\\/\\\/dev.fitplus-club.de\\\/club-admin\\\/faq\\\/interessent\\\/\",\"name\":\"Club Administration - Dein Fitnessstudio - Jetzt Mitglied werden\",\"isPartOf\":{\"@id\":\"https:\\\/\\\/dev.fitplus-club.de\\\/club-admin\\\/#website\"},\"primaryImageOfPage\":{\"@id\":\"https:\\\/\\\/dev.fitplus-club.de\\\/club-admin\\\/faq\\\/interessent\\\/#primaryimage\"},\"image\":{\"@id\":\"https:\\\/\\\/dev.fitplus-club.de\\\/club-admin\\\/faq\\\/interessent\\\/#primaryimage\"},\"thumbnailUrl\":\"https:\\\/\\\/dev.fitplus-club.de\\\/club-admin\\\/wp-content\\\/uploads\\\/sites\\\/9\\\/2025\\\/07\\\/Download_on_the_App_Store_Badge_DE_RGB_blk_092917_200x67.png\",\"datePublished\":\"2025-09-17T09:57:56+00:00\",\"dateModified\":\"2026-02-04T17:43:47+00:00\",\"description\":\"Das fit+ Fitnessstudio in Musterstadt ist 365 Tage von 06:00 - 23:00 Uhr ge\u00f6ffnet. Modernste Ger\u00e4te und g\u00fcnstige Mitgliedschaften. Vereinbare jetzt dein Probetraining!\",\"breadcrumb\":{\"@id\":\"https:\\\/\\\/dev.fitplus-club.de\\\/club-admin\\\/faq\\\/interessent\\\/#breadcrumb\"},\"inLanguage\":\"en-US\",\"potentialAction\":[{\"@type\":\"ReadAction\",\"target\":[\"https:\\\/\\\/dev.fitplus-club.de\\\/club-admin\\\/faq\\\/interessent\\\/\"]}]},{\"@type\":\"ImageObject\",\"inLanguage\":\"en-US\",\"@id\":\"https:\\\/\\\/dev.fitplus-club.de\\\/club-admin\\\/faq\\\/interessent\\\/#primaryimage\",\"url\":\"https:\\\/\\\/dev.fitplus-club.de\\\/club-admin\\\/wp-content\\\/uploads\\\/sites\\\/9\\\/2025\\\/07\\\/Download_on_the_App_Store_Badge_DE_RGB_blk_092917_200x67.png\",\"contentUrl\":\"https:\\\/\\\/dev.fitplus-club.de\\\/club-admin\\\/wp-content\\\/uploads\\\/sites\\\/9\\\/2025\\\/07\\\/Download_on_the_App_Store_Badge_DE_RGB_blk_092917_200x67.png\",\"width\":200,\"height\":67},{\"@type\":\"BreadcrumbList\",\"@id\":\"https:\\\/\\\/dev.fitplus-club.de\\\/club-admin\\\/faq\\\/interessent\\\/#breadcrumb\",\"itemListElement\":[{\"@type\":\"ListItem\",\"position\":1,\"name\":\"Startseite\",\"item\":\"https:\\\/\\\/dev.fitplus-club.de\\\/club-admin\\\/\"},{\"@type\":\"ListItem\",\"position\":2,\"name\":\"FAQ\",\"item\":\"https:\\\/\\\/dev.fitplus-club.de\\\/club-admin\\\/faq\\\/\"},{\"@type\":\"ListItem\",\"position\":3,\"name\":\"Interessent\"}]},{\"@type\":\"WebSite\",\"@id\":\"https:\\\/\\\/dev.fitplus-club.de\\\/club-admin\\\/#website\",\"url\":\"https:\\\/\\\/dev.fitplus-club.de\\\/club-admin\\\/\",\"name\":\"Club Administration\",\"description\":\"Admin Installation der Globalen Post Type Architekturen: Franchise Data, Pricing, Features, Gallery, Campain Hero, Formulare, Templates.\",\"publisher\":{\"@id\":\"https:\\\/\\\/dev.fitplus-club.de\\\/club-admin\\\/#organization\"},\"potentialAction\":[{\"@type\":\"SearchAction\",\"target\":{\"@type\":\"EntryPoint\",\"urlTemplate\":\"https:\\\/\\\/dev.fitplus-club.de\\\/club-admin\\\/?s={search_term_string}\"},\"query-input\":{\"@type\":\"PropertyValueSpecification\",\"valueRequired\":true,\"valueName\":\"search_term_string\"}}],\"inLanguage\":\"en-US\"},{\"@type\":\"Organization\",\"@id\":\"https:\\\/\\\/dev.fitplus-club.de\\\/club-admin\\\/#organization\",\"name\":\"Club Administration\",\"url\":\"https:\\\/\\\/dev.fitplus-club.de\\\/club-admin\\\/\",\"logo\":{\"@type\":\"ImageObject\",\"inLanguage\":\"en-US\",\"@id\":\"https:\\\/\\\/dev.fitplus-club.de\\\/club-admin\\\/#\\\/schema\\\/logo\\\/image\\\/\",\"url\":\"https:\\\/\\\/dev.fitplus-club.de\\\/club-admin\\\/wp-content\\\/uploads\\\/sites\\\/9\\\/2025\\\/10\\\/RZ_Logo_Fitplus.png\",\"contentUrl\":\"https:\\\/\\\/dev.fitplus-club.de\\\/club-admin\\\/wp-content\\\/uploads\\\/sites\\\/9\\\/2025\\\/10\\\/RZ_Logo_Fitplus.png\",\"width\":250,\"height\":145,\"caption\":\"Club Administration\"},\"image\":{\"@id\":\"https:\\\/\\\/dev.fitplus-club.de\\\/club-admin\\\/#\\\/schema\\\/logo\\\/image\\\/\"}}]}<\/script>\n<!-- \/ Yoast SEO plugin. -->","yoast_head_json":{"title":"Club Administration - Dein Fitnessstudio - Jetzt Mitglied werden","description":"Das fit+ Fitnessstudio in Musterstadt ist 365 Tage von 06:00 - 23:00 Uhr ge\u00f6ffnet. Modernste Ger\u00e4te und g\u00fcnstige Mitgliedschaften. Vereinbare jetzt dein Probetraining!","robots":{"index":"noindex","follow":"follow","max-snippet":"max-snippet:-1","max-image-preview":"max-image-preview:large","max-video-preview":"max-video-preview:-1"},"og_locale":"en_US","og_type":"article","og_title":"Club Administration - Dein Fitnessstudio - Jetzt Mitglied werden","og_description":"Das fit+ Fitnessstudio in Musterstadt ist 365 Tage von 06:00 - 23:00 Uhr ge\u00f6ffnet. Modernste Ger\u00e4te und g\u00fcnstige Mitgliedschaften. Vereinbare jetzt dein Probetraining!","og_url":"https:\/\/dev.fitplus-club.de\/club-admin\/faq\/interessent\/","og_site_name":"Club Administration","article_modified_time":"2026-02-04T17:43:47+00:00","og_image":[{"width":200,"height":67,"url":"https:\/\/dev.fitplus-club.de\/club-admin\/wp-content\/uploads\/sites\/9\/2025\/07\/Download_on_the_App_Store_Badge_DE_RGB_blk_092917_200x67.png","type":"image\/png"}],"twitter_card":"summary_large_image","twitter_misc":{"Est. reading time":"3 minutes"},"schema":{"@context":"https:\/\/schema.org","@graph":[{"@type":"WebPage","@id":"https:\/\/dev.fitplus-club.de\/club-admin\/faq\/interessent\/","url":"https:\/\/dev.fitplus-club.de\/club-admin\/faq\/interessent\/","name":"Club Administration - Dein Fitnessstudio - Jetzt Mitglied werden","isPartOf":{"@id":"https:\/\/dev.fitplus-club.de\/club-admin\/#website"},"primaryImageOfPage":{"@id":"https:\/\/dev.fitplus-club.de\/club-admin\/faq\/interessent\/#primaryimage"},"image":{"@id":"https:\/\/dev.fitplus-club.de\/club-admin\/faq\/interessent\/#primaryimage"},"thumbnailUrl":"https:\/\/dev.fitplus-club.de\/club-admin\/wp-content\/uploads\/sites\/9\/2025\/07\/Download_on_the_App_Store_Badge_DE_RGB_blk_092917_200x67.png","datePublished":"2025-09-17T09:57:56+00:00","dateModified":"2026-02-04T17:43:47+00:00","description":"Das fit+ Fitnessstudio in Musterstadt ist 365 Tage von 06:00 - 23:00 Uhr ge\u00f6ffnet. Modernste Ger\u00e4te und g\u00fcnstige Mitgliedschaften. Vereinbare jetzt dein Probetraining!","breadcrumb":{"@id":"https:\/\/dev.fitplus-club.de\/club-admin\/faq\/interessent\/#breadcrumb"},"inLanguage":"en-US","potentialAction":[{"@type":"ReadAction","target":["https:\/\/dev.fitplus-club.de\/club-admin\/faq\/interessent\/"]}]},{"@type":"ImageObject","inLanguage":"en-US","@id":"https:\/\/dev.fitplus-club.de\/club-admin\/faq\/interessent\/#primaryimage","url":"https:\/\/dev.fitplus-club.de\/club-admin\/wp-content\/uploads\/sites\/9\/2025\/07\/Download_on_the_App_Store_Badge_DE_RGB_blk_092917_200x67.png","contentUrl":"https:\/\/dev.fitplus-club.de\/club-admin\/wp-content\/uploads\/sites\/9\/2025\/07\/Download_on_the_App_Store_Badge_DE_RGB_blk_092917_200x67.png","width":200,"height":67},{"@type":"BreadcrumbList","@id":"https:\/\/dev.fitplus-club.de\/club-admin\/faq\/interessent\/#breadcrumb","itemListElement":[{"@type":"ListItem","position":1,"name":"Startseite","item":"https:\/\/dev.fitplus-club.de\/club-admin\/"},{"@type":"ListItem","position":2,"name":"FAQ","item":"https:\/\/dev.fitplus-club.de\/club-admin\/faq\/"},{"@type":"ListItem","position":3,"name":"Interessent"}]},{"@type":"WebSite","@id":"https:\/\/dev.fitplus-club.de\/club-admin\/#website","url":"https:\/\/dev.fitplus-club.de\/club-admin\/","name":"Club Administration","description":"Admin Installation der Globalen Post Type Architekturen: Franchise Data, Pricing, Features, Gallery, Campain Hero, Formulare, Templates.","publisher":{"@id":"https:\/\/dev.fitplus-club.de\/club-admin\/#organization"},"potentialAction":[{"@type":"SearchAction","target":{"@type":"EntryPoint","urlTemplate":"https:\/\/dev.fitplus-club.de\/club-admin\/?s={search_term_string}"},"query-input":{"@type":"PropertyValueSpecification","valueRequired":true,"valueName":"search_term_string"}}],"inLanguage":"en-US"},{"@type":"Organization","@id":"https:\/\/dev.fitplus-club.de\/club-admin\/#organization","name":"Club Administration","url":"https:\/\/dev.fitplus-club.de\/club-admin\/","logo":{"@type":"ImageObject","inLanguage":"en-US","@id":"https:\/\/dev.fitplus-club.de\/club-admin\/#\/schema\/logo\/image\/","url":"https:\/\/dev.fitplus-club.de\/club-admin\/wp-content\/uploads\/sites\/9\/2025\/10\/RZ_Logo_Fitplus.png","contentUrl":"https:\/\/dev.fitplus-club.de\/club-admin\/wp-content\/uploads\/sites\/9\/2025\/10\/RZ_Logo_Fitplus.png","width":250,"height":145,"caption":"Club Administration"},"image":{"@id":"https:\/\/dev.fitplus-club.de\/club-admin\/#\/schema\/logo\/image\/"}}]}},"_links":{"self":[{"href":"https:\/\/dev.fitplus-club.de\/club-admin\/wp-json\/wp\/v2\/pages\/376","targetHints":{"allow":["GET"]}}],"collection":[{"href":"https:\/\/dev.fitplus-club.de\/club-admin\/wp-json\/wp\/v2\/pages"}],"about":[{"href":"https:\/\/dev.fitplus-club.de\/club-admin\/wp-json\/wp\/v2\/types\/page"}],"author":[{"embeddable":true,"href":"https:\/\/dev.fitplus-club.de\/club-admin\/wp-json\/wp\/v2\/users\/1"}],"replies":[{"embeddable":true,"href":"https:\/\/dev.fitplus-club.de\/club-admin\/wp-json\/wp\/v2\/comments?post=376"}],"version-history":[{"count":10,"href":"https:\/\/dev.fitplus-club.de\/club-admin\/wp-json\/wp\/v2\/pages\/376\/revisions"}],"predecessor-version":[{"id":11023,"href":"https:\/\/dev.fitplus-club.de\/club-admin\/wp-json\/wp\/v2\/pages\/376\/revisions\/11023"}],"up":[{"embeddable":true,"href":"https:\/\/dev.fitplus-club.de\/club-admin\/wp-json\/wp\/v2\/pages\/371"}],"wp:attachment":[{"href":"https:\/\/dev.fitplus-club.de\/club-admin\/wp-json\/wp\/v2\/media?parent=376"}],"curies":[{"name":"wp","href":"https:\/\/api.w.org\/{rel}","templated":true}]}}