{"id":368,"date":"2025-09-17T11:54:57","date_gmt":"2025-09-17T09:54:57","guid":{"rendered":"https:\/\/dev.fitplus-club.de\/club-admin\/barrierefreiheitserklaerung\/"},"modified":"2026-01-05T18:21:49","modified_gmt":"2026-01-05T17:21:49","slug":"barrierefreiheitserklaerung","status":"publish","type":"page","link":"https:\/\/dev.fitplus-club.de\/club-admin\/barrierefreiheitserklaerung\/","title":{"rendered":"Barrierefreiheitserkl\u00e4rung"},"content":{"rendered":"\n<div class=\"wp-block-group has-global-padding is-content-justification-left is-layout-constrained wp-container-core-group-is-layout-4f7750fa wp-block-group-is-layout-constrained\" style=\"padding-top:var(--wp--preset--spacing--x-large);padding-bottom:var(--wp--preset--spacing--x-large)\">\n<h1 class=\"wp-block-heading slanted-lr has-lightest-color has-foreground-background-color has-text-color has-background has-link-color wp-elements-ca9cd3456f768a72a5c3edece220d1ec\" style=\"padding-top:var(--wp--preset--spacing--tiny);padding-right:var(--wp--preset--spacing--medium);padding-bottom:var(--wp--preset--spacing--tiny);padding-left:var(--wp--preset--spacing--medium)\">Barrierefreiheitserkl\u00e4rung<\/h1>\n\n\n\n<h2 class=\"wp-block-heading\">G\u00fcltigkeit<\/h2>\n\n\n\n<p>Diese Erkl\u00e4rung zur Barrierefreiheit gilt f\u00fcr die Website und die App von fit+.<\/p>\n\n\n\n<h2 class=\"wp-block-heading\">Stand der Vereinbarkeit mit den Anforderungen<\/h2>\n\n\n\n<p>Diese Website und die fit+ App sind teilweise mit der EU-Richtlinie 2019\/882 (European Accessibility Act) sowie der EN 301 549 in Verbindung mit der WCAG 2.1 AA konform.<\/p>\n\n\n\n<h2 class=\"wp-block-heading\">Methodik der Bewertung<\/h2>\n\n\n\n<p>Die Bewertung der App erfolgte durch Selbstbewertung mithilfe automatisierter Tests (Lighthouse, WAVE, Accessibility Inspector) und manueller Tests mit VoiceOver.<\/p>\n\n\n\n<h2 class=\"wp-block-heading\">Nicht barrierefreie Inhalte<\/h2>\n\n\n\n<p>Einige PDF-Dokumente innerhalb der App sind derzeit noch nicht vollst\u00e4ndig barrierefrei. Wir arbeiten an einer barrierefreien Umsetzung.<\/p>\n\n\n\n<p>Einzelne Buttons der Website und Schrift im Footer weisen einen zu geringen Kontrast auf. Wir messen der CI des Unternehmens in diesem Fall eine h\u00f6here Wichtigkeit zu.<\/p>\n\n\n\n<h2 class=\"wp-block-heading\">Feedback und Kontakt<\/h2>\n\n\n\n<p>Falls Sie auf Barrieren sto\u00dfen oder Verbesserungsvorschl\u00e4ge haben, kontaktieren Sie uns bitte unter:<\/p>\n\n\n\n<p><a href=\"mailto:barrierefrei@fitplus-club.de\">barrierefrei@fitplus-club.de<\/a><\/p>\n\n\n\n<h2 class=\"wp-block-heading\">Durchsetzungsverfahren<\/h2>\n\n\n\n<p>Sollten Sie keine zufrieden stellende Antwort erhalten, k\u00f6nnen Sie sich an die Durchsetzungsstelle wenden:<\/p>\n\n\n\n<p><a href=\"https:\/\/www.bfit-bund.de\/DE\/Kontakt\">BFIT-Bund \u2013 Kontaktformular<\/a><\/p>\n\n\n\n<h2 class=\"wp-block-heading\">Aktualisierung<\/h2>\n\n\n\n<p>Letztes Audit: 3. Juli 2025<\/p>\n\n\n\n<p>Letzte Aktualisierung dieser Erkl\u00e4rung: 5. Januar 2026<\/p>\n<\/div>\n","protected":false},"excerpt":{"rendered":"<p>Barrierefreiheitserkl\u00e4rung G\u00fcltigkeit Diese Erkl\u00e4rung zur Barrierefreiheit gilt f\u00fcr die Website und die App von fit+. Stand der Vereinbarkeit mit den Anforderungen Diese Website und die fit+ App sind teilweise mit der EU-Richtlinie 2019\/882 (European Accessibility Act) sowie der EN 301 549 in Verbindung mit der WCAG 2.1 AA konform. Methodik der Bewertung Die Bewertung der [&hellip;]<\/p>\n","protected":false},"author":1,"featured_media":0,"parent":0,"menu_order":0,"comment_status":"closed","ping_status":"closed","template":"","meta":{"greyd_block_editor_preview":[],"footnotes":"","latitude":"","longitude":"","dynamic_meta":[]},"class_list":["post-368","page","type-page","status-publish","hentry"],"yoast_head":"<!-- This site is optimized with the Yoast SEO plugin v27.3 - https:\/\/yoast.com\/product\/yoast-seo-wordpress\/ -->\n<title>Club Administration - Dein Fitnessstudio - Jetzt Mitglied werden<\/title>\n<meta name=\"description\" content=\"Das fit+ Fitnessstudio in Musterstadt ist 365 Tage von 06:00 - 23:00 Uhr ge\u00f6ffnet. Modernste Ger\u00e4te und g\u00fcnstige Mitgliedschaften. Vereinbare jetzt dein Probetraining!\" \/>\n<meta name=\"robots\" content=\"noindex, follow, max-snippet:-1, max-image-preview:large, max-video-preview:-1\" \/>\n<meta property=\"og:locale\" content=\"en_US\" \/>\n<meta property=\"og:type\" content=\"article\" \/>\n<meta property=\"og:title\" content=\"Club Administration - Dein Fitnessstudio - Jetzt Mitglied werden\" \/>\n<meta property=\"og:description\" content=\"Das fit+ Fitnessstudio in Musterstadt ist 365 Tage von 06:00 - 23:00 Uhr ge\u00f6ffnet. Modernste Ger\u00e4te und g\u00fcnstige Mitgliedschaften. Vereinbare jetzt dein Probetraining!\" \/>\n<meta property=\"og:url\" content=\"https:\/\/dev.fitplus-club.de\/club-admin\/barrierefreiheitserklaerung\/\" \/>\n<meta property=\"og:site_name\" content=\"Club Administration\" \/>\n<meta property=\"article:modified_time\" content=\"2026-01-05T17:21:49+00:00\" \/>\n<meta name=\"twitter:card\" content=\"summary_large_image\" \/>\n<meta name=\"twitter:label1\" content=\"Est. reading time\" \/>\n\t<meta name=\"twitter:data1\" content=\"1 minute\" \/>\n<script type=\"application\/ld+json\" class=\"yoast-schema-graph\">{\"@context\":\"https:\\\/\\\/schema.org\",\"@graph\":[{\"@type\":\"WebPage\",\"@id\":\"https:\\\/\\\/dev.fitplus-club.de\\\/club-admin\\\/barrierefreiheitserklaerung\\\/\",\"url\":\"https:\\\/\\\/dev.fitplus-club.de\\\/club-admin\\\/barrierefreiheitserklaerung\\\/\",\"name\":\"Club Administration - Dein Fitnessstudio - Jetzt Mitglied werden\",\"isPartOf\":{\"@id\":\"https:\\\/\\\/dev.fitplus-club.de\\\/club-admin\\\/#website\"},\"datePublished\":\"2025-09-17T09:54:57+00:00\",\"dateModified\":\"2026-01-05T17:21:49+00:00\",\"description\":\"Das fit+ Fitnessstudio in Musterstadt ist 365 Tage von 06:00 - 23:00 Uhr ge\u00f6ffnet. Modernste Ger\u00e4te und g\u00fcnstige Mitgliedschaften. Vereinbare jetzt dein Probetraining!\",\"breadcrumb\":{\"@id\":\"https:\\\/\\\/dev.fitplus-club.de\\\/club-admin\\\/barrierefreiheitserklaerung\\\/#breadcrumb\"},\"inLanguage\":\"en-US\",\"potentialAction\":[{\"@type\":\"ReadAction\",\"target\":[\"https:\\\/\\\/dev.fitplus-club.de\\\/club-admin\\\/barrierefreiheitserklaerung\\\/\"]}]},{\"@type\":\"BreadcrumbList\",\"@id\":\"https:\\\/\\\/dev.fitplus-club.de\\\/club-admin\\\/barrierefreiheitserklaerung\\\/#breadcrumb\",\"itemListElement\":[{\"@type\":\"ListItem\",\"position\":1,\"name\":\"Startseite\",\"item\":\"https:\\\/\\\/dev.fitplus-club.de\\\/club-admin\\\/\"},{\"@type\":\"ListItem\",\"position\":2,\"name\":\"Barrierefreiheitserkl\u00e4rung\"}]},{\"@type\":\"WebSite\",\"@id\":\"https:\\\/\\\/dev.fitplus-club.de\\\/club-admin\\\/#website\",\"url\":\"https:\\\/\\\/dev.fitplus-club.de\\\/club-admin\\\/\",\"name\":\"Club Administration\",\"description\":\"Admin Installation der Globalen Post Type Architekturen: Franchise Data, Pricing, Features, Gallery, Campain Hero, Formulare, Templates.\",\"publisher\":{\"@id\":\"https:\\\/\\\/dev.fitplus-club.de\\\/club-admin\\\/#organization\"},\"potentialAction\":[{\"@type\":\"SearchAction\",\"target\":{\"@type\":\"EntryPoint\",\"urlTemplate\":\"https:\\\/\\\/dev.fitplus-club.de\\\/club-admin\\\/?s={search_term_string}\"},\"query-input\":{\"@type\":\"PropertyValueSpecification\",\"valueRequired\":true,\"valueName\":\"search_term_string\"}}],\"inLanguage\":\"en-US\"},{\"@type\":\"Organization\",\"@id\":\"https:\\\/\\\/dev.fitplus-club.de\\\/club-admin\\\/#organization\",\"name\":\"Club Administration\",\"url\":\"https:\\\/\\\/dev.fitplus-club.de\\\/club-admin\\\/\",\"logo\":{\"@type\":\"ImageObject\",\"inLanguage\":\"en-US\",\"@id\":\"https:\\\/\\\/dev.fitplus-club.de\\\/club-admin\\\/#\\\/schema\\\/logo\\\/image\\\/\",\"url\":\"https:\\\/\\\/dev.fitplus-club.de\\\/club-admin\\\/wp-content\\\/uploads\\\/sites\\\/9\\\/2025\\\/10\\\/RZ_Logo_Fitplus.png\",\"contentUrl\":\"https:\\\/\\\/dev.fitplus-club.de\\\/club-admin\\\/wp-content\\\/uploads\\\/sites\\\/9\\\/2025\\\/10\\\/RZ_Logo_Fitplus.png\",\"width\":250,\"height\":145,\"caption\":\"Club Administration\"},\"image\":{\"@id\":\"https:\\\/\\\/dev.fitplus-club.de\\\/club-admin\\\/#\\\/schema\\\/logo\\\/image\\\/\"}}]}<\/script>\n<!-- \/ Yoast SEO plugin. -->","yoast_head_json":{"title":"Club Administration - Dein Fitnessstudio - Jetzt Mitglied werden","description":"Das fit+ Fitnessstudio in Musterstadt ist 365 Tage von 06:00 - 23:00 Uhr ge\u00f6ffnet. Modernste Ger\u00e4te und g\u00fcnstige Mitgliedschaften. Vereinbare jetzt dein Probetraining!","robots":{"index":"noindex","follow":"follow","max-snippet":"max-snippet:-1","max-image-preview":"max-image-preview:large","max-video-preview":"max-video-preview:-1"},"og_locale":"en_US","og_type":"article","og_title":"Club Administration - Dein Fitnessstudio - Jetzt Mitglied werden","og_description":"Das fit+ Fitnessstudio in Musterstadt ist 365 Tage von 06:00 - 23:00 Uhr ge\u00f6ffnet. Modernste Ger\u00e4te und g\u00fcnstige Mitgliedschaften. Vereinbare jetzt dein Probetraining!","og_url":"https:\/\/dev.fitplus-club.de\/club-admin\/barrierefreiheitserklaerung\/","og_site_name":"Club Administration","article_modified_time":"2026-01-05T17:21:49+00:00","twitter_card":"summary_large_image","twitter_misc":{"Est. reading time":"1 minute"},"schema":{"@context":"https:\/\/schema.org","@graph":[{"@type":"WebPage","@id":"https:\/\/dev.fitplus-club.de\/club-admin\/barrierefreiheitserklaerung\/","url":"https:\/\/dev.fitplus-club.de\/club-admin\/barrierefreiheitserklaerung\/","name":"Club Administration - Dein Fitnessstudio - Jetzt Mitglied werden","isPartOf":{"@id":"https:\/\/dev.fitplus-club.de\/club-admin\/#website"},"datePublished":"2025-09-17T09:54:57+00:00","dateModified":"2026-01-05T17:21:49+00:00","description":"Das fit+ Fitnessstudio in Musterstadt ist 365 Tage von 06:00 - 23:00 Uhr ge\u00f6ffnet. Modernste Ger\u00e4te und g\u00fcnstige Mitgliedschaften. Vereinbare jetzt dein Probetraining!","breadcrumb":{"@id":"https:\/\/dev.fitplus-club.de\/club-admin\/barrierefreiheitserklaerung\/#breadcrumb"},"inLanguage":"en-US","potentialAction":[{"@type":"ReadAction","target":["https:\/\/dev.fitplus-club.de\/club-admin\/barrierefreiheitserklaerung\/"]}]},{"@type":"BreadcrumbList","@id":"https:\/\/dev.fitplus-club.de\/club-admin\/barrierefreiheitserklaerung\/#breadcrumb","itemListElement":[{"@type":"ListItem","position":1,"name":"Startseite","item":"https:\/\/dev.fitplus-club.de\/club-admin\/"},{"@type":"ListItem","position":2,"name":"Barrierefreiheitserkl\u00e4rung"}]},{"@type":"WebSite","@id":"https:\/\/dev.fitplus-club.de\/club-admin\/#website","url":"https:\/\/dev.fitplus-club.de\/club-admin\/","name":"Club Administration","description":"Admin Installation der Globalen Post Type Architekturen: Franchise Data, Pricing, Features, Gallery, Campain Hero, Formulare, Templates.","publisher":{"@id":"https:\/\/dev.fitplus-club.de\/club-admin\/#organization"},"potentialAction":[{"@type":"SearchAction","target":{"@type":"EntryPoint","urlTemplate":"https:\/\/dev.fitplus-club.de\/club-admin\/?s={search_term_string}"},"query-input":{"@type":"PropertyValueSpecification","valueRequired":true,"valueName":"search_term_string"}}],"inLanguage":"en-US"},{"@type":"Organization","@id":"https:\/\/dev.fitplus-club.de\/club-admin\/#organization","name":"Club Administration","url":"https:\/\/dev.fitplus-club.de\/club-admin\/","logo":{"@type":"ImageObject","inLanguage":"en-US","@id":"https:\/\/dev.fitplus-club.de\/club-admin\/#\/schema\/logo\/image\/","url":"https:\/\/dev.fitplus-club.de\/club-admin\/wp-content\/uploads\/sites\/9\/2025\/10\/RZ_Logo_Fitplus.png","contentUrl":"https:\/\/dev.fitplus-club.de\/club-admin\/wp-content\/uploads\/sites\/9\/2025\/10\/RZ_Logo_Fitplus.png","width":250,"height":145,"caption":"Club Administration"},"image":{"@id":"https:\/\/dev.fitplus-club.de\/club-admin\/#\/schema\/logo\/image\/"}}]}},"_links":{"self":[{"href":"https:\/\/dev.fitplus-club.de\/club-admin\/wp-json\/wp\/v2\/pages\/368","targetHints":{"allow":["GET"]}}],"collection":[{"href":"https:\/\/dev.fitplus-club.de\/club-admin\/wp-json\/wp\/v2\/pages"}],"about":[{"href":"https:\/\/dev.fitplus-club.de\/club-admin\/wp-json\/wp\/v2\/types\/page"}],"author":[{"embeddable":true,"href":"https:\/\/dev.fitplus-club.de\/club-admin\/wp-json\/wp\/v2\/users\/1"}],"replies":[{"embeddable":true,"href":"https:\/\/dev.fitplus-club.de\/club-admin\/wp-json\/wp\/v2\/comments?post=368"}],"version-history":[{"count":5,"href":"https:\/\/dev.fitplus-club.de\/club-admin\/wp-json\/wp\/v2\/pages\/368\/revisions"}],"predecessor-version":[{"id":10998,"href":"https:\/\/dev.fitplus-club.de\/club-admin\/wp-json\/wp\/v2\/pages\/368\/revisions\/10998"}],"wp:attachment":[{"href":"https:\/\/dev.fitplus-club.de\/club-admin\/wp-json\/wp\/v2\/media?parent=368"}],"curies":[{"name":"wp","href":"https:\/\/api.w.org\/{rel}","templated":true}]}}