{"id":208,"date":"2025-07-14T18:09:49","date_gmt":"2025-07-14T16:09:49","guid":{"rendered":"https:\/\/dev.fitplus-club.de\/club-admin\/impressum\/"},"modified":"2026-03-18T14:45:10","modified_gmt":"2026-03-18T13:45:10","slug":"impressum","status":"publish","type":"page","link":"https:\/\/dev.fitplus-club.de\/club-admin\/impressum\/","title":{"rendered":"Impressum"},"content":{"rendered":"\n<div class=\"wp-block-group has-global-padding is-content-justification-left is-layout-constrained wp-container-core-group-is-layout-4f7750fa wp-block-group-is-layout-constrained\" style=\"padding-top:var(--wp--preset--spacing--x-large);padding-bottom:var(--wp--preset--spacing--x-large)\">\n<h1 class=\"wp-block-heading slanted-lr has-lightest-color has-foreground-background-color has-text-color has-background has-link-color wp-elements-cd49849559a40ec844e96ac989d8754c\" style=\"padding-top:var(--wp--preset--spacing--tiny);padding-right:var(--wp--preset--spacing--medium);padding-bottom:var(--wp--preset--spacing--tiny);padding-left:var(--wp--preset--spacing--medium)\"><span data-tag=\"title\" data-params=\"\" class=\"is-tag\">Beitragstitel<\/span><\/h1>\n\n\n\n<h2 class=\"wp-block-heading\">Impressum nach \u00a7 5 DDG<\/h2>\n\n\n\n<h3 class=\"wp-block-heading\">1. Angaben gem\u00e4\u00df \u00a7 5 Digitale-Dienste-Gesetz<\/h3>\n\n\n\n<p><strong>Name des Anbieters:<\/strong><br>fit+ Deutschland Master GmbH<br>Dillinger Stra\u00dfe 2<br>89312 G\u00fcnzburg<\/p>\n\n\n\n<p><strong>Rechtsform, Registrierung, Sitz:<\/strong><br>Die fit+ Deutschland Master GmbH ist eine Gesellschaft mit beschr\u00e4nkter Haftung nach Ma\u00dfgabe des GmbH-Gesetzes mit Sitz in G\u00fcnzburg, eingetragen im Handelsregister des Amtsgerichts Memmingen unter der Nummer HRB 20400.<\/p>\n\n\n\n<p><strong>Umsatzsteuer-Identifikationsnummer (\u00a7 27a des Umsatzsteuergesetzes):<\/strong><br>DE412115674<\/p>\n\n\n\n<p><strong>Vertretungsberechtigter Gesch\u00e4ftsf\u00fchrer:<\/strong><br>Bj\u00f6rn Kr\u00e4mer<br>Dillinger Stra\u00dfe 2<br>89312 G\u00fcnzburg<\/p>\n\n\n\n<p><strong>Kontaktdaten:<\/strong><br>E-Mail: webmaster@fitplus-club.de<\/p>\n\n\n\n<p><strong>Post-\/Briefanschrift:<\/strong><br>Postfach 200102<br>89308 G\u00fcnzburg<\/p>\n\n\n\n<h3 class=\"wp-block-heading\">2. Verantwortlicher gem\u00e4\u00df \u00a7 18 Abs. 2 Medienstaatsvertrag:<\/h3>\n\n\n\n<p>Bj\u00f6rn Kr\u00e4mer<br>Dillinger Stra\u00dfe 2<br>89312 G\u00fcnzburg<\/p>\n\n\n\n<h3 class=\"wp-block-heading\">3. Informationen zur au\u00dfergerichtlichen Streitbeilegung nach \u00a7 36<\/h3>\n\n\n\n<p><strong>Verbraucherstreitbeilegungsgesetz:<\/strong><br>Wir nehmen nicht an einem Streitbeilegungsverfahren vor einer Verbraucherschlichtungsstelle teil und wir sind dazu auch nicht verpflichtet.<\/p>\n\n\n\n<hr style='  border-bottom-width: 1px !important; border-style: dotted !important; background: var(--wp--preset--color--none) !important;   ' class=\"wp-block-separator has-alpha-channel-opacity is-style-default\"\/>\n\n\n\n<h2 class=\"wp-block-heading has-large-font-size\"><strong>Impressum f\u00fcr die Social Media Auftritte Facebook und Instagram<\/strong><\/h2>\n\n\n\n<p><strong>fit+ Deutschland Master GmbH<\/strong><br>Dillinger Stra\u00dfe 2<br>89312 G\u00fcnzburg<\/p>\n\n\n\n<p>Handelsregister: HRB 20400<br>Registergericht: Memmingen<\/p>\n\n\n\n<p><strong>Vertreten durch:<\/strong><br>Bj\u00f6rn Kr\u00e4mer<\/p>\n\n\n\n<p><strong>Postadresse:<\/strong><br>Postfach 200102<br>89308 G\u00fcnzburg<br>Redaktionell verantwortlich:<br>Bj\u00f6rn Kr\u00e4mer<\/p>\n\n\n\n<hr style='  border-bottom-width: 1px !important; border-style: dotted !important; background: var(--wp--preset--color--none) !important;   ' class=\"wp-block-separator has-alpha-channel-opacity is-style-default\"\/>\n\n\n\n<p>Die fit+ Betriebe werden als Lizenzbetriebe gef\u00fchrt.<\/p>\n\n\n\n\n<p><strong>Betreiber:<br><\/strong><span data-tag=\"gdt-franchise-data-operator-details\" data-params=\"&quot;&quot;\" class=\"is-tag\">Operator details<\/span><\/p>\n\n\n\n<p>E-Mail: <span data-tag=\"gdt-franchise-data-operator-email\" data-params=\"&quot;&quot;\" class=\"is-tag\"><span class=\"is-button link\" data-type=\"dynamic\" data-params=\"{&quot;tag&quot;:&quot;gdt-franchise-data-operator-mailto&quot;}\">E-mail<\/span><\/span><\/p>\n\n\n\n\n<hr style='  border-bottom-width: 1px !important; border-style: dotted !important; background: var(--wp--preset--color--none) !important;   ' class=\"wp-block-separator has-alpha-channel-opacity is-style-default\"\/>\n\n\n\n<h2 class=\"wp-block-heading has-large-font-size\">Kontakt<\/h2>\n\n\n\n<p><strong>Kontakt:<\/strong><br><a href=\"mailto:webmaster@fitplus-club.de\">webmaster@fitplus-club.de<\/a><\/p>\n\n\n<div class='forms_wrapper'><a href=\"#after-greyd-form-1\" class=\"greyd_skip_link\">Skip form<\/a><form class=\"greyd_form requirement-style__required\" name=\"form_10668\" id=\"greyd-form-1\" data-id=\"10668\" data-form-mode=\"normal\" data-title=\"KontaktImpressum\" data-nonce=\"0e82f7a614\" data-send=\"enable\" method=\"POST\" enctype=\"multipart\/form-data\">\t\t<div style=\"visibility: hidden; position: absolute; z-index: -1; height: 0.1px; width: 0.1px; margin: 0; padding: 0;\">\n\t\t\t<label for=\"contact_me_by_fax_only\">\n\t\t\t\t<input\n\t\t\t\t\ttype=\"checkbox\"\n\t\t\t\t\tclass=\"input validation\"\n\t\t\t\t\tname=\"contact_me_by_fax_only\"\n\t\t\t\t\tid=\"contact_me_by_fax_only\"\n\t\t\t\t\tvalue=\"true\"\n\t\t\t\t\taria-hidden=\"true\"\n\t\t\t\t\ttabindex=\"-1\"\n\t\t\t\t\tautocomplete=\"off\"\n\t\t\t\t>\n\t\t\t\tContact me by fax only\n\t\t\t<\/label>\n\t\t\t<input\n\t\t\t\ttype=\"text\"\n\t\t\t\tclass=\"input validation\"\n\t\t\t\tname=\"set_your_password\"\n\t\t\t\taria-hidden=\"true\"\n\t\t\t\ttabindex=\"-1\"\n\t\t\t\tautocomplete=\"off\"\n\t\t\t>\n\t\t<\/div>\n\t\t\n<p><\/p>\n\n\n\n<div class=\"wp-block-greyd-forms-input input-wrapper gs_5vAxsc\"><div class=\"label_wrap\"><label class=\"label\" for=\"input_406449___id69d1bd856c04f\"><span><strong>Vorname<\/strong><\/span><span class=\"requirement-required\"> *<\/span><\/label><\/div><div class=\"input-inner-wrapper\"><input class=\"input validation \" type=\"text\" name=\"input_406449\" id=\"input_406449___id69d1bd856c04f\" placeholder=\"Enter here\" autocomplete=\"on\" required data-required=\"required\" title=\"Please fill out this field\" rows=\"\"\/><span class=\"input-field-icon\" aria-hidden=\"true\"><\/span><\/div><\/div>\n\n\n\n<div class=\"wp-block-greyd-forms-input input-wrapper gs_iEhJ5Z\"><div class=\"label_wrap\"><label class=\"label\" for=\"input_5313f2___id69d1bd856c0ab\"><span><strong>Nachname<\/strong><\/span><span class=\"requirement-required\"> *<\/span><\/label><\/div><div class=\"input-inner-wrapper\"><input class=\"input validation \" type=\"text\" name=\"input_5313f2\" id=\"input_5313f2___id69d1bd856c0ab\" placeholder=\"Enter here\" autocomplete=\"on\" required data-required=\"required\" title=\"Please fill out this field\" rows=\"\"\/><span class=\"input-field-icon\" aria-hidden=\"true\"><\/span><\/div><\/div>\n\n\n\n<div class=\"wp-block-greyd-forms-input input-wrapper gs_sz1bSX\"><div class=\"label_wrap\"><label class=\"label\" for=\"input_12ee0b___id69d1bd856c115\"><span><strong>E-Mail<\/strong><\/span><span class=\"requirement-required\"> *<\/span><\/label><span class=\"greyd-forms-tooltip\"><button type=\"button\" class=\"greyd-forms-tooltip-toggle\" aria-expanded=\"false\" aria-controls=\"tt-input_12ee0b___id69d1bd856c115\" aria-label=\"Show tooltip\"><\/button><span class=\"greyd-forms-tooltip-popup\" id=\"tt-input_12ee0b___id69d1bd856c115\" role=\"tooltip\"><span>The email address should contain an &#8216;@&#8217;character and a valid domain with a period.<\/span><button class=\"greyd-forms-tooltip-close\" aria-label=\"Close tooltip\">\u00d7<\/button><\/span><\/span><\/div><div class=\"input-inner-wrapper\"><input class=\"input validation \" type=\"email\" name=\"input_12ee0b\" id=\"input_12ee0b___id69d1bd856c115\" aria-describedby=\"tt-input_12ee0b___id69d1bd856c115\" placeholder=\"Enter here\" autocomplete=\"on\" pattern=\"\\w+([\\-+\\.]\\w+)*@\\w+([\\-\\.]\\w+)*\\.\\w+([\\-\\.]\\w+)*\" required data-required=\"required\" title=\"Please fill out this field\" rows=\"\"\/><span class=\"input-field-icon\" aria-hidden=\"true\"><\/span><\/div><\/div>\n\n\n\n<div class=\"wp-block-greyd-forms-input input-wrapper gs_TAVHlA\"><div class=\"label_wrap\"><label class=\"label\" for=\"input_290fc2___id69d1bd856c16d\"><span><strong>Ihre Anfrage<\/strong><\/span><span class=\"requirement-required\"> *<\/span><\/label><\/div><div class=\"input-inner-wrapper\"><textarea class=\"input validation \" type=\"text\" name=\"input_290fc2\" id=\"input_290fc2___id69d1bd856c16d\" placeholder=\"Enter here\" autocomplete=\"on\" maxlength=\"250\" required data-required=\"required\" title=\"Please fill out this field\" rows=\"5\"><\/textarea><span class=\"input-field-icon\" aria-hidden=\"true\"><\/span><\/div><\/div>\n\n\n\n<button class=\"wp-block-greyd-forms-submitbutton button submitbutton gs_tXeled\" type=\"submit\" name=\"submit\" data-text=\"Absenden\"><span class=\"greyd_upload_progress\"><span class=\"spinner\"><span class=\"dot-loader\"><\/span><span class=\"dot-loader dot-loader--2\"><\/span><span class=\"dot-loader dot-loader--3\"><\/span><\/span><span class=\"bar\"><\/span><\/span><span style=\"flex:1\">Absenden<\/span><\/button>\n<\/form><div class=\"after-message animate_fast\" role=\"status\" aria-live=\"polite\"><div class=\"message\"><\/div><\/div><div id=\"after-greyd-form-1\"><\/div><\/div><\/div>\n","protected":false},"excerpt":{"rendered":"<p>Beitragstitel Impressum nach \u00a7 5 DDG 1. Angaben gem\u00e4\u00df \u00a7 5 Digitale-Dienste-Gesetz Name des Anbieters:fit+ Deutschland Master GmbHDillinger Stra\u00dfe 289312 G\u00fcnzburg Rechtsform, Registrierung, Sitz:Die fit+ Deutschland Master GmbH ist eine Gesellschaft mit beschr\u00e4nkter Haftung nach Ma\u00dfgabe des GmbH-Gesetzes mit Sitz in G\u00fcnzburg, eingetragen im Handelsregister des Amtsgerichts Memmingen unter der Nummer HRB 20400. Umsatzsteuer-Identifikationsnummer (\u00a7 [&hellip;]<\/p>\n","protected":false},"author":1,"featured_media":0,"parent":0,"menu_order":0,"comment_status":"closed","ping_status":"closed","template":"","meta":{"greyd_block_editor_preview":[],"footnotes":"","latitude":"","longitude":"","dynamic_meta":[]},"class_list":["post-208","page","type-page","status-publish","hentry"],"yoast_head":"<!-- This site is optimized with the Yoast SEO plugin v27.3 - https:\/\/yoast.com\/product\/yoast-seo-wordpress\/ -->\n<title>Club Administration - Dein Fitnessstudio - Jetzt Mitglied werden<\/title>\n<meta name=\"description\" content=\"Das fit+ Fitnessstudio in Musterstadt ist 365 Tage von 06:00 - 23:00 Uhr ge\u00f6ffnet. Modernste Ger\u00e4te und g\u00fcnstige Mitgliedschaften.\" \/>\n<meta name=\"robots\" content=\"noindex, follow, max-snippet:-1, max-image-preview:large, max-video-preview:-1\" \/>\n<meta property=\"og:locale\" content=\"en_US\" \/>\n<meta property=\"og:type\" content=\"article\" \/>\n<meta property=\"og:title\" content=\"Club Administration - Dein Fitnessstudio - Jetzt Mitglied werden\" \/>\n<meta property=\"og:description\" content=\"Das fit+ Fitnessstudio in Musterstadt ist 365 Tage von 06:00 - 23:00 Uhr ge\u00f6ffnet. Modernste Ger\u00e4te und g\u00fcnstige Mitgliedschaften.\" \/>\n<meta property=\"og:url\" content=\"https:\/\/dev.fitplus-club.de\/club-admin\/impressum\/\" \/>\n<meta property=\"og:site_name\" content=\"Club Administration\" \/>\n<meta property=\"article:modified_time\" content=\"2026-03-18T13:45:10+00:00\" \/>\n<meta name=\"twitter:card\" content=\"summary_large_image\" \/>\n<meta name=\"twitter:label1\" content=\"Est. reading time\" \/>\n\t<meta name=\"twitter:data1\" content=\"1 minute\" \/>\n<script type=\"application\/ld+json\" class=\"yoast-schema-graph\">{\"@context\":\"https:\\\/\\\/schema.org\",\"@graph\":[{\"@type\":\"WebPage\",\"@id\":\"https:\\\/\\\/dev.fitplus-club.de\\\/club-admin\\\/impressum\\\/\",\"url\":\"https:\\\/\\\/dev.fitplus-club.de\\\/club-admin\\\/impressum\\\/\",\"name\":\"Club Administration - Dein Fitnessstudio - Jetzt Mitglied werden\",\"isPartOf\":{\"@id\":\"https:\\\/\\\/dev.fitplus-club.de\\\/club-admin\\\/#website\"},\"datePublished\":\"2025-07-14T16:09:49+00:00\",\"dateModified\":\"2026-03-18T13:45:10+00:00\",\"description\":\"Das fit+ Fitnessstudio in Musterstadt ist 365 Tage von 06:00 - 23:00 Uhr ge\u00f6ffnet. Modernste Ger\u00e4te und g\u00fcnstige Mitgliedschaften.\",\"breadcrumb\":{\"@id\":\"https:\\\/\\\/dev.fitplus-club.de\\\/club-admin\\\/impressum\\\/#breadcrumb\"},\"inLanguage\":\"en-US\",\"potentialAction\":[{\"@type\":\"ReadAction\",\"target\":[\"https:\\\/\\\/dev.fitplus-club.de\\\/club-admin\\\/impressum\\\/\"]}]},{\"@type\":\"BreadcrumbList\",\"@id\":\"https:\\\/\\\/dev.fitplus-club.de\\\/club-admin\\\/impressum\\\/#breadcrumb\",\"itemListElement\":[{\"@type\":\"ListItem\",\"position\":1,\"name\":\"Startseite\",\"item\":\"https:\\\/\\\/dev.fitplus-club.de\\\/club-admin\\\/\"},{\"@type\":\"ListItem\",\"position\":2,\"name\":\"Impressum\"}]},{\"@type\":\"WebSite\",\"@id\":\"https:\\\/\\\/dev.fitplus-club.de\\\/club-admin\\\/#website\",\"url\":\"https:\\\/\\\/dev.fitplus-club.de\\\/club-admin\\\/\",\"name\":\"Club Administration\",\"description\":\"Admin Installation der Globalen Post Type Architekturen: Franchise Data, Pricing, Features, Gallery, Campain Hero, Formulare, Templates.\",\"publisher\":{\"@id\":\"https:\\\/\\\/dev.fitplus-club.de\\\/club-admin\\\/#organization\"},\"potentialAction\":[{\"@type\":\"SearchAction\",\"target\":{\"@type\":\"EntryPoint\",\"urlTemplate\":\"https:\\\/\\\/dev.fitplus-club.de\\\/club-admin\\\/?s={search_term_string}\"},\"query-input\":{\"@type\":\"PropertyValueSpecification\",\"valueRequired\":true,\"valueName\":\"search_term_string\"}}],\"inLanguage\":\"en-US\"},{\"@type\":\"Organization\",\"@id\":\"https:\\\/\\\/dev.fitplus-club.de\\\/club-admin\\\/#organization\",\"name\":\"Club Administration\",\"url\":\"https:\\\/\\\/dev.fitplus-club.de\\\/club-admin\\\/\",\"logo\":{\"@type\":\"ImageObject\",\"inLanguage\":\"en-US\",\"@id\":\"https:\\\/\\\/dev.fitplus-club.de\\\/club-admin\\\/#\\\/schema\\\/logo\\\/image\\\/\",\"url\":\"https:\\\/\\\/dev.fitplus-club.de\\\/club-admin\\\/wp-content\\\/uploads\\\/sites\\\/9\\\/2025\\\/10\\\/RZ_Logo_Fitplus.png\",\"contentUrl\":\"https:\\\/\\\/dev.fitplus-club.de\\\/club-admin\\\/wp-content\\\/uploads\\\/sites\\\/9\\\/2025\\\/10\\\/RZ_Logo_Fitplus.png\",\"width\":250,\"height\":145,\"caption\":\"Club Administration\"},\"image\":{\"@id\":\"https:\\\/\\\/dev.fitplus-club.de\\\/club-admin\\\/#\\\/schema\\\/logo\\\/image\\\/\"}}]}<\/script>\n<!-- \/ Yoast SEO plugin. -->","yoast_head_json":{"title":"Club Administration - Dein Fitnessstudio - Jetzt Mitglied werden","description":"Das fit+ Fitnessstudio in Musterstadt ist 365 Tage von 06:00 - 23:00 Uhr ge\u00f6ffnet. Modernste Ger\u00e4te und g\u00fcnstige Mitgliedschaften.","robots":{"index":"noindex","follow":"follow","max-snippet":"max-snippet:-1","max-image-preview":"max-image-preview:large","max-video-preview":"max-video-preview:-1"},"og_locale":"en_US","og_type":"article","og_title":"Club Administration - Dein Fitnessstudio - Jetzt Mitglied werden","og_description":"Das fit+ Fitnessstudio in Musterstadt ist 365 Tage von 06:00 - 23:00 Uhr ge\u00f6ffnet. Modernste Ger\u00e4te und g\u00fcnstige Mitgliedschaften.","og_url":"https:\/\/dev.fitplus-club.de\/club-admin\/impressum\/","og_site_name":"Club Administration","article_modified_time":"2026-03-18T13:45:10+00:00","twitter_card":"summary_large_image","twitter_misc":{"Est. reading time":"1 minute"},"schema":{"@context":"https:\/\/schema.org","@graph":[{"@type":"WebPage","@id":"https:\/\/dev.fitplus-club.de\/club-admin\/impressum\/","url":"https:\/\/dev.fitplus-club.de\/club-admin\/impressum\/","name":"Club Administration - Dein Fitnessstudio - Jetzt Mitglied werden","isPartOf":{"@id":"https:\/\/dev.fitplus-club.de\/club-admin\/#website"},"datePublished":"2025-07-14T16:09:49+00:00","dateModified":"2026-03-18T13:45:10+00:00","description":"Das fit+ Fitnessstudio in Musterstadt ist 365 Tage von 06:00 - 23:00 Uhr ge\u00f6ffnet. Modernste Ger\u00e4te und g\u00fcnstige Mitgliedschaften.","breadcrumb":{"@id":"https:\/\/dev.fitplus-club.de\/club-admin\/impressum\/#breadcrumb"},"inLanguage":"en-US","potentialAction":[{"@type":"ReadAction","target":["https:\/\/dev.fitplus-club.de\/club-admin\/impressum\/"]}]},{"@type":"BreadcrumbList","@id":"https:\/\/dev.fitplus-club.de\/club-admin\/impressum\/#breadcrumb","itemListElement":[{"@type":"ListItem","position":1,"name":"Startseite","item":"https:\/\/dev.fitplus-club.de\/club-admin\/"},{"@type":"ListItem","position":2,"name":"Impressum"}]},{"@type":"WebSite","@id":"https:\/\/dev.fitplus-club.de\/club-admin\/#website","url":"https:\/\/dev.fitplus-club.de\/club-admin\/","name":"Club Administration","description":"Admin Installation der Globalen Post Type Architekturen: Franchise Data, Pricing, Features, Gallery, Campain Hero, Formulare, Templates.","publisher":{"@id":"https:\/\/dev.fitplus-club.de\/club-admin\/#organization"},"potentialAction":[{"@type":"SearchAction","target":{"@type":"EntryPoint","urlTemplate":"https:\/\/dev.fitplus-club.de\/club-admin\/?s={search_term_string}"},"query-input":{"@type":"PropertyValueSpecification","valueRequired":true,"valueName":"search_term_string"}}],"inLanguage":"en-US"},{"@type":"Organization","@id":"https:\/\/dev.fitplus-club.de\/club-admin\/#organization","name":"Club Administration","url":"https:\/\/dev.fitplus-club.de\/club-admin\/","logo":{"@type":"ImageObject","inLanguage":"en-US","@id":"https:\/\/dev.fitplus-club.de\/club-admin\/#\/schema\/logo\/image\/","url":"https:\/\/dev.fitplus-club.de\/club-admin\/wp-content\/uploads\/sites\/9\/2025\/10\/RZ_Logo_Fitplus.png","contentUrl":"https:\/\/dev.fitplus-club.de\/club-admin\/wp-content\/uploads\/sites\/9\/2025\/10\/RZ_Logo_Fitplus.png","width":250,"height":145,"caption":"Club Administration"},"image":{"@id":"https:\/\/dev.fitplus-club.de\/club-admin\/#\/schema\/logo\/image\/"}}]}},"_links":{"self":[{"href":"https:\/\/dev.fitplus-club.de\/club-admin\/wp-json\/wp\/v2\/pages\/208","targetHints":{"allow":["GET"]}}],"collection":[{"href":"https:\/\/dev.fitplus-club.de\/club-admin\/wp-json\/wp\/v2\/pages"}],"about":[{"href":"https:\/\/dev.fitplus-club.de\/club-admin\/wp-json\/wp\/v2\/types\/page"}],"author":[{"embeddable":true,"href":"https:\/\/dev.fitplus-club.de\/club-admin\/wp-json\/wp\/v2\/users\/1"}],"replies":[{"embeddable":true,"href":"https:\/\/dev.fitplus-club.de\/club-admin\/wp-json\/wp\/v2\/comments?post=208"}],"version-history":[{"count":30,"href":"https:\/\/dev.fitplus-club.de\/club-admin\/wp-json\/wp\/v2\/pages\/208\/revisions"}],"predecessor-version":[{"id":11105,"href":"https:\/\/dev.fitplus-club.de\/club-admin\/wp-json\/wp\/v2\/pages\/208\/revisions\/11105"}],"wp:attachment":[{"href":"https:\/\/dev.fitplus-club.de\/club-admin\/wp-json\/wp\/v2\/media?parent=208"}],"curies":[{"name":"wp","href":"https:\/\/api.w.org\/{rel}","templated":true}]}}