{"id":10706,"date":"2025-11-13T16:56:30","date_gmt":"2025-11-13T15:56:30","guid":{"rendered":"https:\/\/dev.fitplus-club.de\/club-admin\/?page_id=10706"},"modified":"2025-12-18T18:19:29","modified_gmt":"2025-12-18T17:19:29","slug":"freunde","status":"publish","type":"page","link":"https:\/\/dev.fitplus-club.de\/club-admin\/freunde\/","title":{"rendered":"Freunde"},"content":{"rendered":"\n<div class=\"wp-block-group has-global-padding is-content-justification-left is-layout-constrained wp-container-core-group-is-layout-4f7750fa wp-block-group-is-layout-constrained\" style=\"padding-top:var(--wp--preset--spacing--x-large);padding-bottom:var(--wp--preset--spacing--x-large)\">\n<h1 class=\"wp-block-heading slanted-lr has-lightest-color has-foreground-background-color has-text-color has-background has-link-color wp-elements-7a61ccadadde995cf0f120c0c67ede55\" style=\"padding-top:var(--wp--preset--spacing--tiny);padding-right:var(--wp--preset--spacing--medium);padding-bottom:var(--wp--preset--spacing--tiny);padding-left:var(--wp--preset--spacing--medium)\">Freunde werben und&nbsp;Gratis-Trainingspaket&nbsp;sichern!<\/h1>\n\n\n\n<div class=\"wp-block-columns is-layout-flex wp-container-core-columns-is-layout-28f84493 wp-block-columns-is-layout-flex\">\n<div class=\"wp-block-column col-12 col-sm-auto is-layout-flow wp-block-column-is-layout-flow\">\n<p>Zusammen macht\u2019s noch mehr Spa\u00df!&nbsp;Empfiehl uns deinen Freunden und du erh\u00e4ltst ein exklusives Trainingspaket von fit+.<\/p>\n\n\n\n<p>Es ist ganz einfach: Du gibst einfach im Formular unten Namen, E-Mail-Adresse und Telefonnummer deiner Freundin oder deines Freundes ein.<\/p>\n\n\n\n<p>Sobald sich dein(e) Freund(in) dann f\u00fcr eine Mitgliedschaft bei fit+ entscheidet, schenken wir dir dein Trainingspaket.<\/p>\n\n\n\n<p>Und nicht vergessen: F\u00fcr jede(n) Freund(in) gibt es jeweils ein Trainingspaket bestehend aus Cap, Kugelschreiber, Handtuch, Trinkflasche und Schl\u00fcsselband.<\/p>\n<\/div>\n\n\n\n<div class=\"wp-block-column col-12 col-sm-auto is-layout-flow wp-block-column-is-layout-flow\">\n<figure class=\"wp-block-image size-full\"><img loading=\"lazy\" decoding=\"async\" width=\"500\" height=\"707\" src=\"https:\/\/dev.fitplus-club.de\/club-admin\/wp-content\/uploads\/sites\/9\/2025\/11\/06_2023_fitplus_500x707px_Freunde-werben_Praemie_Abbildung.jpg\" alt=\"\" class=\"wp-image-10709\" srcset=\"https:\/\/dev.fitplus-club.de\/club-admin\/wp-content\/uploads\/sites\/9\/2025\/11\/06_2023_fitplus_500x707px_Freunde-werben_Praemie_Abbildung.jpg 500w, https:\/\/dev.fitplus-club.de\/club-admin\/wp-content\/uploads\/sites\/9\/2025\/11\/06_2023_fitplus_500x707px_Freunde-werben_Praemie_Abbildung-212x300.jpg 212w\" sizes=\"auto, (max-width: 500px) 100vw, 500px\" \/><\/figure>\n<\/div>\n<\/div>\n\n\n\n<h2 class=\"wp-block-heading\">Jetzt Freunde einladen und profitieren!<\/h2>\n\n\n\n<div class=\"wp-block-query is-layout-flow wp-block-query-is-layout-flow\"><ul class=\"columns-1 wp-block-post-template is-layout-grid wp-container-core-post-template-is-layout-e518996e wp-block-post-template-is-layout-grid\"><li class=\"wp-block-post post-251 franchise-data type-franchise-data status-publish hentry\">\n<div class='forms_wrapper'><a href=\"#after-greyd-form-1\" class=\"greyd_skip_link\">Skip form<\/a><form class=\"greyd_form requirement-style__required\" name=\"form_10711\" id=\"greyd-form-1\" data-id=\"10711\" data-form-mode=\"normal\" data-title=\"FreundewerbenFreunde\" data-nonce=\"c70e77a537\" data-send=\"enable\" method=\"POST\" enctype=\"multipart\/form-data\">\t\t<div style=\"visibility: hidden; position: absolute; z-index: -1; height: 0.1px; width: 0.1px; margin: 0; padding: 0;\">\n\t\t\t<label for=\"contact_me_by_fax_only\">\n\t\t\t\t<input\n\t\t\t\t\ttype=\"checkbox\"\n\t\t\t\t\tclass=\"input validation\"\n\t\t\t\t\tname=\"contact_me_by_fax_only\"\n\t\t\t\t\tid=\"contact_me_by_fax_only\"\n\t\t\t\t\tvalue=\"true\"\n\t\t\t\t\taria-hidden=\"true\"\n\t\t\t\t\ttabindex=\"-1\"\n\t\t\t\t\tautocomplete=\"off\"\n\t\t\t\t>\n\t\t\t\tContact me by fax only\n\t\t\t<\/label>\n\t\t\t<input\n\t\t\t\ttype=\"text\"\n\t\t\t\tclass=\"input validation\"\n\t\t\t\tname=\"set_your_password\"\n\t\t\t\taria-hidden=\"true\"\n\t\t\t\ttabindex=\"-1\"\n\t\t\t\tautocomplete=\"off\"\n\t\t\t>\n\t\t<\/div>\n\t\t\n<div class=\"wp-block-greyd-forms-input input-wrapper gs_iiMdcK\"><div class=\"label_wrap\"><label class=\"label\" for=\"input_166180___id69d1b93bdb1ab\"><span>Vorname<\/span><span class=\"requirement-optional\"> (optional)<\/span><\/label><\/div><div class=\"input-inner-wrapper\"><input class=\"input validation \" type=\"text\" name=\"input_166180\" id=\"input_166180___id69d1b93bdb1ab\" placeholder=\"Enter here\" autocomplete=\"on\" data-required=\"optional\" title=\"Please fill out this field\" rows=\"\"\/><span class=\"input-field-icon\" aria-hidden=\"true\"><\/span><\/div><\/div>\n\n\n\n<div class=\"wp-block-greyd-forms-input input-wrapper gs_uEceIH\"><div class=\"label_wrap\"><label class=\"label\" for=\"input_17e79a___id69d1b93bdb220\"><span>Nachname<\/span><span class=\"requirement-optional\"> (optional)<\/span><\/label><\/div><div class=\"input-inner-wrapper\"><input class=\"input validation \" type=\"text\" name=\"input_17e79a\" id=\"input_17e79a___id69d1b93bdb220\" placeholder=\"Enter here\" autocomplete=\"on\" data-required=\"optional\" title=\"Please fill out this field\" rows=\"\"\/><span class=\"input-field-icon\" aria-hidden=\"true\"><\/span><\/div><\/div>\n\n\n\n<div class=\"wp-block-greyd-forms-input input-wrapper gs_KmjKr6\"><div class=\"label_wrap\"><label class=\"label\" for=\"input_b6d98d___id69d1b93bdb290\"><span>E-Mail<\/span><span class=\"requirement-optional\"> (optional)<\/span><\/label><span class=\"greyd-forms-tooltip\"><button type=\"button\" class=\"greyd-forms-tooltip-toggle\" aria-expanded=\"false\" aria-controls=\"tt-input_b6d98d___id69d1b93bdb290\" aria-label=\"Show tooltip\"><\/button><span class=\"greyd-forms-tooltip-popup\" id=\"tt-input_b6d98d___id69d1b93bdb290\" role=\"tooltip\"><span>The email address should contain an &#8216;@&#8217;character and a valid domain with a period.<\/span><button class=\"greyd-forms-tooltip-close\" aria-label=\"Close tooltip\">\u00d7<\/button><\/span><\/span><\/div><div class=\"input-inner-wrapper\"><input class=\"input validation \" type=\"email\" name=\"input_b6d98d\" id=\"input_b6d98d___id69d1b93bdb290\" aria-describedby=\"tt-input_b6d98d___id69d1b93bdb290\" placeholder=\"Enter here\" autocomplete=\"on\" pattern=\"\\w+([\\-+\\.]\\w+)*@\\w+([\\-\\.]\\w+)*\\.\\w+([\\-\\.]\\w+)*\" data-required=\"optional\" title=\"Please fill out this field\" rows=\"\"\/><span class=\"input-field-icon\" aria-hidden=\"true\"><\/span><\/div><\/div>\n\n\n\n<hr style='  border-bottom-width: 1px !important; border-style: dotted !important; background: var(--wp--preset--color--none) !important;   ' class=\"wp-block-separator has-alpha-channel-opacity\"\/>\n\n\n\n<div class=\"wp-block-greyd-forms-input input-wrapper gs_VXsEIs\"><div class=\"label_wrap\"><label class=\"label\" for=\"input_c0c6ac___id69d1b93bdb7c8\"><span>Vorname Freund\/in<\/span><span class=\"requirement-optional\"> (optional)<\/span><\/label><\/div><div class=\"input-inner-wrapper\"><input class=\"input validation \" type=\"text\" name=\"input_c0c6ac\" id=\"input_c0c6ac___id69d1b93bdb7c8\" placeholder=\"Enter here\" autocomplete=\"on\" data-required=\"optional\" title=\"Please fill out this field\" rows=\"\"\/><span class=\"input-field-icon\" aria-hidden=\"true\"><\/span><\/div><\/div>\n\n\n\n<div class=\"wp-block-greyd-forms-input input-wrapper gs_Ls8Twj\"><div class=\"label_wrap\"><label class=\"label\" for=\"input_1dec84___id69d1b93bdb823\"><span>Nachname Freund\/in<\/span><span class=\"requirement-optional\"> (optional)<\/span><\/label><\/div><div class=\"input-inner-wrapper\"><input class=\"input validation \" type=\"text\" name=\"input_1dec84\" id=\"input_1dec84___id69d1b93bdb823\" placeholder=\"Enter here\" autocomplete=\"on\" data-required=\"optional\" title=\"Please fill out this field\" rows=\"\"\/><span class=\"input-field-icon\" aria-hidden=\"true\"><\/span><\/div><\/div>\n\n\n\n<div class=\"wp-block-greyd-forms-input input-wrapper gs_6LQW2O\"><div class=\"label_wrap\"><label class=\"label\" for=\"input_15a7d3___id69d1b93bdb87e\"><span>E-Mail Freund\/in<\/span><span class=\"requirement-optional\"> (optional)<\/span><\/label><span class=\"greyd-forms-tooltip\"><button type=\"button\" class=\"greyd-forms-tooltip-toggle\" aria-expanded=\"false\" aria-controls=\"tt-input_15a7d3___id69d1b93bdb87e\" aria-label=\"Show tooltip\"><\/button><span class=\"greyd-forms-tooltip-popup\" id=\"tt-input_15a7d3___id69d1b93bdb87e\" role=\"tooltip\"><span>The email address should contain an &#8216;@&#8217;character and a valid domain with a period.<\/span><button class=\"greyd-forms-tooltip-close\" aria-label=\"Close tooltip\">\u00d7<\/button><\/span><\/span><\/div><div class=\"input-inner-wrapper\"><input class=\"input validation \" type=\"email\" name=\"input_15a7d3\" id=\"input_15a7d3___id69d1b93bdb87e\" aria-describedby=\"tt-input_15a7d3___id69d1b93bdb87e\" placeholder=\"Enter here\" autocomplete=\"on\" pattern=\"\\w+([\\-+\\.]\\w+)*@\\w+([\\-\\.]\\w+)*\\.\\w+([\\-\\.]\\w+)*\" data-required=\"optional\" title=\"Please fill out this field\" rows=\"\"\/><span class=\"input-field-icon\" aria-hidden=\"true\"><\/span><\/div><\/div>\n\n\n\n<div class=\"wp-block-greyd-forms-input input-wrapper gs_o0XrkL\"><div class=\"label_wrap\"><label class=\"label\" for=\"input_144705___id69d1b93bdb8d3\"><span>Telefonnummer Freund\/in<\/span><span class=\"requirement-optional\"> (optional)<\/span><\/label><\/div><div class=\"input-inner-wrapper\"><input class=\"input validation \" type=\"text\" name=\"input_144705\" id=\"input_144705___id69d1b93bdb8d3\" placeholder=\"Enter here\" autocomplete=\"on\" data-required=\"optional\" title=\"Please fill out this field\" rows=\"\"\/><span class=\"input-field-icon\" aria-hidden=\"true\"><\/span><\/div><\/div>\n\n\n\n<p><strong>Club&nbsp;in dem dein Freund \/ deine Freundin trainieren wird:<\/strong> <span data-tag=\"gdt-franchise-data-studioname\" data-params=\"\" class=\"is-tag\">Studioname<\/span><\/p>\n\n\n\n<input type=\"hidden\" name=\"hidden_clubname\" value=\"_studioname_\" class=\"wp-block-greyd-forms-hidden-field dyn\"\/>\n\n\n\n<input type=\"hidden\" name=\"admin_email\" value=\"_club-email_\" class=\"wp-block-greyd-forms-hidden-field dyn\"\/>\n\n\n\n<button class=\"wp-block-greyd-forms-submitbutton button submitbutton gs_MbhmmC\" type=\"submit\" name=\"submit\" data-text=\"Absenden\"><span class=\"greyd_upload_progress\"><span class=\"spinner\"><span class=\"dot-loader\"><\/span><span class=\"dot-loader dot-loader--2\"><\/span><span class=\"dot-loader dot-loader--3\"><\/span><\/span><span class=\"bar\"><\/span><\/span><span style=\"flex:1\">Absenden<\/span><\/button>\n<\/form><div class=\"after-message animate_fast\" role=\"status\" aria-live=\"polite\"><div class=\"message\"><\/div><\/div><div id=\"after-greyd-form-1\"><\/div><\/div>\n<\/li><\/ul><\/div>\n\n\n\n<p><\/p>\n<\/div>\n","protected":false},"excerpt":{"rendered":"<p>Freunde werben und&nbsp;Gratis-Trainingspaket&nbsp;sichern! Zusammen macht\u2019s noch mehr Spa\u00df!&nbsp;Empfiehl uns deinen Freunden und du erh\u00e4ltst ein exklusives Trainingspaket von fit+. Es ist ganz einfach: Du gibst einfach im Formular unten Namen, E-Mail-Adresse und Telefonnummer deiner Freundin oder deines Freundes ein. Sobald sich dein(e) Freund(in) dann f\u00fcr eine Mitgliedschaft bei fit+ entscheidet, schenken wir dir dein Trainingspaket. [&hellip;]<\/p>\n","protected":false},"author":2,"featured_media":0,"parent":0,"menu_order":0,"comment_status":"closed","ping_status":"closed","template":"","meta":{"greyd_block_editor_preview":[],"footnotes":"","latitude":"","longitude":"","dynamic_meta":{"test":""}},"class_list":["post-10706","page","type-page","status-publish","hentry"],"yoast_head":"<!-- This site is optimized with the Yoast SEO plugin v27.3 - https:\/\/yoast.com\/product\/yoast-seo-wordpress\/ -->\n<title>Club Administration - Dein Fitnessstudio - Jetzt Mitglied werden<\/title>\n<meta name=\"description\" content=\"Das fit+ Fitnessstudio in Musterstadt ist 365 Tage von 06:00 - 23:00 Uhr ge\u00f6ffnet. Modernste Ger\u00e4te und g\u00fcnstige Mitgliedschaften. Vereinbare jetzt dein Probetraining!\" \/>\n<meta name=\"robots\" content=\"noindex, follow, max-snippet:-1, max-image-preview:large, max-video-preview:-1\" \/>\n<meta property=\"og:locale\" content=\"en_US\" \/>\n<meta property=\"og:type\" content=\"article\" \/>\n<meta property=\"og:title\" content=\"Club Administration - Dein Fitnessstudio - Jetzt Mitglied werden\" \/>\n<meta property=\"og:description\" content=\"Das fit+ Fitnessstudio in Musterstadt ist 365 Tage von 06:00 - 23:00 Uhr ge\u00f6ffnet. Modernste Ger\u00e4te und g\u00fcnstige Mitgliedschaften. Vereinbare jetzt dein Probetraining!\" \/>\n<meta property=\"og:url\" content=\"https:\/\/dev.fitplus-club.de\/club-admin\/freunde\/\" \/>\n<meta property=\"og:site_name\" content=\"Club Administration\" \/>\n<meta property=\"article:modified_time\" content=\"2025-12-18T17:19:29+00:00\" \/>\n<meta property=\"og:image\" content=\"https:\/\/dev.fitplus-club.de\/club-admin\/wp-content\/uploads\/sites\/9\/2025\/11\/06_2023_fitplus_500x707px_Freunde-werben_Praemie_Abbildung.jpg\" \/>\n\t<meta property=\"og:image:width\" content=\"500\" \/>\n\t<meta property=\"og:image:height\" content=\"707\" \/>\n\t<meta property=\"og:image:type\" content=\"image\/jpeg\" \/>\n<meta name=\"twitter:card\" content=\"summary_large_image\" \/>\n<meta name=\"twitter:label1\" content=\"Est. reading time\" \/>\n\t<meta name=\"twitter:data1\" content=\"1 minute\" \/>\n<script type=\"application\/ld+json\" class=\"yoast-schema-graph\">{\"@context\":\"https:\\\/\\\/schema.org\",\"@graph\":[{\"@type\":\"WebPage\",\"@id\":\"https:\\\/\\\/dev.fitplus-club.de\\\/club-admin\\\/freunde\\\/\",\"url\":\"https:\\\/\\\/dev.fitplus-club.de\\\/club-admin\\\/freunde\\\/\",\"name\":\"Club Administration - Dein Fitnessstudio - Jetzt Mitglied werden\",\"isPartOf\":{\"@id\":\"https:\\\/\\\/dev.fitplus-club.de\\\/club-admin\\\/#website\"},\"primaryImageOfPage\":{\"@id\":\"https:\\\/\\\/dev.fitplus-club.de\\\/club-admin\\\/freunde\\\/#primaryimage\"},\"image\":{\"@id\":\"https:\\\/\\\/dev.fitplus-club.de\\\/club-admin\\\/freunde\\\/#primaryimage\"},\"thumbnailUrl\":\"https:\\\/\\\/dev.fitplus-club.de\\\/club-admin\\\/wp-content\\\/uploads\\\/sites\\\/9\\\/2025\\\/11\\\/06_2023_fitplus_500x707px_Freunde-werben_Praemie_Abbildung.jpg\",\"datePublished\":\"2025-11-13T15:56:30+00:00\",\"dateModified\":\"2025-12-18T17:19:29+00:00\",\"description\":\"Das fit+ Fitnessstudio in Musterstadt ist 365 Tage von 06:00 - 23:00 Uhr ge\u00f6ffnet. Modernste Ger\u00e4te und g\u00fcnstige Mitgliedschaften. Vereinbare jetzt dein Probetraining!\",\"breadcrumb\":{\"@id\":\"https:\\\/\\\/dev.fitplus-club.de\\\/club-admin\\\/freunde\\\/#breadcrumb\"},\"inLanguage\":\"en-US\",\"potentialAction\":[{\"@type\":\"ReadAction\",\"target\":[\"https:\\\/\\\/dev.fitplus-club.de\\\/club-admin\\\/freunde\\\/\"]}]},{\"@type\":\"ImageObject\",\"inLanguage\":\"en-US\",\"@id\":\"https:\\\/\\\/dev.fitplus-club.de\\\/club-admin\\\/freunde\\\/#primaryimage\",\"url\":\"https:\\\/\\\/dev.fitplus-club.de\\\/club-admin\\\/wp-content\\\/uploads\\\/sites\\\/9\\\/2025\\\/11\\\/06_2023_fitplus_500x707px_Freunde-werben_Praemie_Abbildung.jpg\",\"contentUrl\":\"https:\\\/\\\/dev.fitplus-club.de\\\/club-admin\\\/wp-content\\\/uploads\\\/sites\\\/9\\\/2025\\\/11\\\/06_2023_fitplus_500x707px_Freunde-werben_Praemie_Abbildung.jpg\",\"width\":500,\"height\":707},{\"@type\":\"BreadcrumbList\",\"@id\":\"https:\\\/\\\/dev.fitplus-club.de\\\/club-admin\\\/freunde\\\/#breadcrumb\",\"itemListElement\":[{\"@type\":\"ListItem\",\"position\":1,\"name\":\"Startseite\",\"item\":\"https:\\\/\\\/dev.fitplus-club.de\\\/club-admin\\\/\"},{\"@type\":\"ListItem\",\"position\":2,\"name\":\"Freunde\"}]},{\"@type\":\"WebSite\",\"@id\":\"https:\\\/\\\/dev.fitplus-club.de\\\/club-admin\\\/#website\",\"url\":\"https:\\\/\\\/dev.fitplus-club.de\\\/club-admin\\\/\",\"name\":\"Club Administration\",\"description\":\"Admin Installation der Globalen Post Type Architekturen: Franchise Data, Pricing, Features, Gallery, Campain Hero, Formulare, Templates.\",\"publisher\":{\"@id\":\"https:\\\/\\\/dev.fitplus-club.de\\\/club-admin\\\/#organization\"},\"potentialAction\":[{\"@type\":\"SearchAction\",\"target\":{\"@type\":\"EntryPoint\",\"urlTemplate\":\"https:\\\/\\\/dev.fitplus-club.de\\\/club-admin\\\/?s={search_term_string}\"},\"query-input\":{\"@type\":\"PropertyValueSpecification\",\"valueRequired\":true,\"valueName\":\"search_term_string\"}}],\"inLanguage\":\"en-US\"},{\"@type\":\"Organization\",\"@id\":\"https:\\\/\\\/dev.fitplus-club.de\\\/club-admin\\\/#organization\",\"name\":\"Club Administration\",\"url\":\"https:\\\/\\\/dev.fitplus-club.de\\\/club-admin\\\/\",\"logo\":{\"@type\":\"ImageObject\",\"inLanguage\":\"en-US\",\"@id\":\"https:\\\/\\\/dev.fitplus-club.de\\\/club-admin\\\/#\\\/schema\\\/logo\\\/image\\\/\",\"url\":\"https:\\\/\\\/dev.fitplus-club.de\\\/club-admin\\\/wp-content\\\/uploads\\\/sites\\\/9\\\/2025\\\/10\\\/RZ_Logo_Fitplus.png\",\"contentUrl\":\"https:\\\/\\\/dev.fitplus-club.de\\\/club-admin\\\/wp-content\\\/uploads\\\/sites\\\/9\\\/2025\\\/10\\\/RZ_Logo_Fitplus.png\",\"width\":250,\"height\":145,\"caption\":\"Club Administration\"},\"image\":{\"@id\":\"https:\\\/\\\/dev.fitplus-club.de\\\/club-admin\\\/#\\\/schema\\\/logo\\\/image\\\/\"}}]}<\/script>\n<!-- \/ Yoast SEO plugin. -->","yoast_head_json":{"title":"Club Administration - Dein Fitnessstudio - Jetzt Mitglied werden","description":"Das fit+ Fitnessstudio in Musterstadt ist 365 Tage von 06:00 - 23:00 Uhr ge\u00f6ffnet. Modernste Ger\u00e4te und g\u00fcnstige Mitgliedschaften. Vereinbare jetzt dein Probetraining!","robots":{"index":"noindex","follow":"follow","max-snippet":"max-snippet:-1","max-image-preview":"max-image-preview:large","max-video-preview":"max-video-preview:-1"},"og_locale":"en_US","og_type":"article","og_title":"Club Administration - Dein Fitnessstudio - Jetzt Mitglied werden","og_description":"Das fit+ Fitnessstudio in Musterstadt ist 365 Tage von 06:00 - 23:00 Uhr ge\u00f6ffnet. Modernste Ger\u00e4te und g\u00fcnstige Mitgliedschaften. Vereinbare jetzt dein Probetraining!","og_url":"https:\/\/dev.fitplus-club.de\/club-admin\/freunde\/","og_site_name":"Club Administration","article_modified_time":"2025-12-18T17:19:29+00:00","og_image":[{"width":500,"height":707,"url":"https:\/\/dev.fitplus-club.de\/club-admin\/wp-content\/uploads\/sites\/9\/2025\/11\/06_2023_fitplus_500x707px_Freunde-werben_Praemie_Abbildung.jpg","type":"image\/jpeg"}],"twitter_card":"summary_large_image","twitter_misc":{"Est. reading time":"1 minute"},"schema":{"@context":"https:\/\/schema.org","@graph":[{"@type":"WebPage","@id":"https:\/\/dev.fitplus-club.de\/club-admin\/freunde\/","url":"https:\/\/dev.fitplus-club.de\/club-admin\/freunde\/","name":"Club Administration - Dein Fitnessstudio - Jetzt Mitglied werden","isPartOf":{"@id":"https:\/\/dev.fitplus-club.de\/club-admin\/#website"},"primaryImageOfPage":{"@id":"https:\/\/dev.fitplus-club.de\/club-admin\/freunde\/#primaryimage"},"image":{"@id":"https:\/\/dev.fitplus-club.de\/club-admin\/freunde\/#primaryimage"},"thumbnailUrl":"https:\/\/dev.fitplus-club.de\/club-admin\/wp-content\/uploads\/sites\/9\/2025\/11\/06_2023_fitplus_500x707px_Freunde-werben_Praemie_Abbildung.jpg","datePublished":"2025-11-13T15:56:30+00:00","dateModified":"2025-12-18T17:19:29+00:00","description":"Das fit+ Fitnessstudio in Musterstadt ist 365 Tage von 06:00 - 23:00 Uhr ge\u00f6ffnet. Modernste Ger\u00e4te und g\u00fcnstige Mitgliedschaften. Vereinbare jetzt dein Probetraining!","breadcrumb":{"@id":"https:\/\/dev.fitplus-club.de\/club-admin\/freunde\/#breadcrumb"},"inLanguage":"en-US","potentialAction":[{"@type":"ReadAction","target":["https:\/\/dev.fitplus-club.de\/club-admin\/freunde\/"]}]},{"@type":"ImageObject","inLanguage":"en-US","@id":"https:\/\/dev.fitplus-club.de\/club-admin\/freunde\/#primaryimage","url":"https:\/\/dev.fitplus-club.de\/club-admin\/wp-content\/uploads\/sites\/9\/2025\/11\/06_2023_fitplus_500x707px_Freunde-werben_Praemie_Abbildung.jpg","contentUrl":"https:\/\/dev.fitplus-club.de\/club-admin\/wp-content\/uploads\/sites\/9\/2025\/11\/06_2023_fitplus_500x707px_Freunde-werben_Praemie_Abbildung.jpg","width":500,"height":707},{"@type":"BreadcrumbList","@id":"https:\/\/dev.fitplus-club.de\/club-admin\/freunde\/#breadcrumb","itemListElement":[{"@type":"ListItem","position":1,"name":"Startseite","item":"https:\/\/dev.fitplus-club.de\/club-admin\/"},{"@type":"ListItem","position":2,"name":"Freunde"}]},{"@type":"WebSite","@id":"https:\/\/dev.fitplus-club.de\/club-admin\/#website","url":"https:\/\/dev.fitplus-club.de\/club-admin\/","name":"Club Administration","description":"Admin Installation der Globalen Post Type Architekturen: Franchise Data, Pricing, Features, Gallery, Campain Hero, Formulare, Templates.","publisher":{"@id":"https:\/\/dev.fitplus-club.de\/club-admin\/#organization"},"potentialAction":[{"@type":"SearchAction","target":{"@type":"EntryPoint","urlTemplate":"https:\/\/dev.fitplus-club.de\/club-admin\/?s={search_term_string}"},"query-input":{"@type":"PropertyValueSpecification","valueRequired":true,"valueName":"search_term_string"}}],"inLanguage":"en-US"},{"@type":"Organization","@id":"https:\/\/dev.fitplus-club.de\/club-admin\/#organization","name":"Club Administration","url":"https:\/\/dev.fitplus-club.de\/club-admin\/","logo":{"@type":"ImageObject","inLanguage":"en-US","@id":"https:\/\/dev.fitplus-club.de\/club-admin\/#\/schema\/logo\/image\/","url":"https:\/\/dev.fitplus-club.de\/club-admin\/wp-content\/uploads\/sites\/9\/2025\/10\/RZ_Logo_Fitplus.png","contentUrl":"https:\/\/dev.fitplus-club.de\/club-admin\/wp-content\/uploads\/sites\/9\/2025\/10\/RZ_Logo_Fitplus.png","width":250,"height":145,"caption":"Club Administration"},"image":{"@id":"https:\/\/dev.fitplus-club.de\/club-admin\/#\/schema\/logo\/image\/"}}]}},"_links":{"self":[{"href":"https:\/\/dev.fitplus-club.de\/club-admin\/wp-json\/wp\/v2\/pages\/10706","targetHints":{"allow":["GET"]}}],"collection":[{"href":"https:\/\/dev.fitplus-club.de\/club-admin\/wp-json\/wp\/v2\/pages"}],"about":[{"href":"https:\/\/dev.fitplus-club.de\/club-admin\/wp-json\/wp\/v2\/types\/page"}],"author":[{"embeddable":true,"href":"https:\/\/dev.fitplus-club.de\/club-admin\/wp-json\/wp\/v2\/users\/2"}],"replies":[{"embeddable":true,"href":"https:\/\/dev.fitplus-club.de\/club-admin\/wp-json\/wp\/v2\/comments?post=10706"}],"version-history":[{"count":6,"href":"https:\/\/dev.fitplus-club.de\/club-admin\/wp-json\/wp\/v2\/pages\/10706\/revisions"}],"predecessor-version":[{"id":10987,"href":"https:\/\/dev.fitplus-club.de\/club-admin\/wp-json\/wp\/v2\/pages\/10706\/revisions\/10987"}],"wp:attachment":[{"href":"https:\/\/dev.fitplus-club.de\/club-admin\/wp-json\/wp\/v2\/media?parent=10706"}],"curies":[{"name":"wp","href":"https:\/\/api.w.org\/{rel}","templated":true}]}}