{"id":10399,"date":"2025-11-03T17:51:28","date_gmt":"2025-11-03T16:51:28","guid":{"rendered":"https:\/\/dev.fitplus-club.de\/club-admin\/?page_id=10399"},"modified":"2025-11-12T15:39:58","modified_gmt":"2025-11-12T14:39:58","slug":"kuendigung","status":"publish","type":"page","link":"https:\/\/dev.fitplus-club.de\/club-admin\/kuendigung\/","title":{"rendered":"K\u00fcndigung"},"content":{"rendered":"\n<div class=\"wp-block-group has-global-padding is-content-justification-left is-layout-constrained wp-container-core-group-is-layout-527b2f9c wp-block-group-is-layout-constrained\" style=\"padding-top:var(--wp--preset--spacing--x-large);padding-right:0;padding-bottom:var(--wp--preset--spacing--x-large);padding-left:0\">\n<h1 class=\"wp-block-heading slanted-lr has-lightest-color has-foreground-background-color has-text-color has-background has-link-color wp-elements-afd68a915de0ad76d0755749dec35bdd\" style=\"padding-top:var(--wp--preset--spacing--tiny);padding-right:var(--wp--preset--spacing--medium);padding-bottom:var(--wp--preset--spacing--tiny);padding-left:var(--wp--preset--spacing--medium)\">K\u00fcndigung der Mitgliedschaft<\/h1>\n\n\n\n<p>Hier kannst du uns deine K\u00fcndigung der Mitgliedschaft \u00fcbermitteln:<\/p>\n\n\n\n<div class=\"wp-block-query is-layout-flow wp-block-query-is-layout-flow\"><ul class=\"columns-1 wp-block-post-template is-layout-grid wp-container-core-post-template-is-layout-e518996e wp-block-post-template-is-layout-grid\"><li class=\"wp-block-post post-251 franchise-data type-franchise-data status-publish hentry\">\n<div class='forms_wrapper'><a href=\"#after-greyd-form-1\" class=\"greyd_skip_link\">Skip form<\/a><form class=\"greyd_form requirement-style__required\" name=\"form_10393\" id=\"greyd-form-1\" data-id=\"10393\" data-form-mode=\"normal\" data-title=\"K%C3%BCndigung\" data-nonce=\"8a516114e8\" data-send=\"enable\" method=\"POST\" enctype=\"multipart\/form-data\">\t\t<div style=\"visibility: hidden; position: absolute; z-index: -1; height: 0.1px; width: 0.1px; margin: 0; padding: 0;\">\n\t\t\t<label for=\"contact_me_by_fax_only\">\n\t\t\t\t<input\n\t\t\t\t\ttype=\"checkbox\"\n\t\t\t\t\tclass=\"input validation\"\n\t\t\t\t\tname=\"contact_me_by_fax_only\"\n\t\t\t\t\tid=\"contact_me_by_fax_only\"\n\t\t\t\t\tvalue=\"true\"\n\t\t\t\t\taria-hidden=\"true\"\n\t\t\t\t\ttabindex=\"-1\"\n\t\t\t\t\tautocomplete=\"off\"\n\t\t\t\t>\n\t\t\t\tContact me by fax only\n\t\t\t<\/label>\n\t\t\t<input\n\t\t\t\ttype=\"text\"\n\t\t\t\tclass=\"input validation\"\n\t\t\t\tname=\"set_your_password\"\n\t\t\t\taria-hidden=\"true\"\n\t\t\t\ttabindex=\"-1\"\n\t\t\t\tautocomplete=\"off\"\n\t\t\t>\n\t\t<\/div>\n\t\t\n<div class=\"wp-block-greyd-forms-dropdown input-wrapper gs_gP1M0c\"><div class=\"label_wrap\"><label class=\"label\" for=\"dropdown_110748___id69d1bae3d34da\"><span><strong>Art der K\u00fcndigung<\/strong><\/span><span class=\"requirement-required\"> *<\/span><\/label><\/div><div class=\"custom-select \"><select name=\"dropdown_110748___id69d1bae3d34da\" id=\"dropdown_110748___id69d1bae3d34da\" required data-required=\"required\" title=\"Please select an option\"><option value=\"\">Please select<\/option><option value=\"ordentlich\">ordentlich<\/option><option value=\"auserordentlich\">au\u00dferordentlich<\/option><\/select><\/div><\/div>\n\n\n\n<div class=\"wp-block-greyd-forms-dropdown input-wrapper gs_1RjX65\"><div class=\"label_wrap\"><label class=\"label\" for=\"dropdown_f646ef___id69d1bae3d355e\"><span><strong>K\u00fcndigungsgrund<\/strong><\/span><span class=\"requirement-required\"> *<\/span><\/label><\/div><div class=\"custom-select \"><select name=\"dropdown_f646ef___id69d1bae3d355e\" id=\"dropdown_f646ef___id69d1bae3d355e\" required data-required=\"required\" title=\"Please select an option\"><option value=\"\">Please select<\/option><option value=\"interesse-verloren\">Interesse verloren<\/option><option value=\"vertragswechsel\">Vertragswechsel<\/option><option value=\"vertragsende\">Vertragsende<\/option><option value=\"zeitmangel\">Zeitmangel<\/option><option value=\"umzug\">Umzug<\/option><option value=\"krankheit\">Krankheit<\/option><option value=\"keine-angabe\">Keine Angabe<\/option><\/select><\/div><\/div>\n\n\n\n<div class=\"wp-block-greyd-forms-input input-wrapper gs_6IgHWW\"><div class=\"label_wrap\"><label class=\"label\" for=\"input_52caf0___id69d1bae3d35ce\"><span><strong>Vorname<\/strong><\/span><span class=\"requirement-required\"> *<\/span><\/label><\/div><div class=\"input-inner-wrapper\"><input class=\"input validation \" type=\"text\" name=\"input_52caf0\" id=\"input_52caf0___id69d1bae3d35ce\" placeholder=\"Enter here\" autocomplete=\"on\" required data-required=\"required\" title=\"Please fill out this field\" rows=\"\"\/><span class=\"input-field-icon\" aria-hidden=\"true\"><\/span><\/div><\/div>\n\n\n\n<div class=\"wp-block-greyd-forms-input input-wrapper gs_nZCOz9\"><div class=\"label_wrap\"><label class=\"label\" for=\"input_1635f7___id69d1bae3d3629\"><span><strong>Nachname<\/strong><\/span><span class=\"requirement-required\"> *<\/span><\/label><\/div><div class=\"input-inner-wrapper\"><input class=\"input validation \" type=\"text\" name=\"input_1635f7\" id=\"input_1635f7___id69d1bae3d3629\" placeholder=\"Enter here\" autocomplete=\"on\" required data-required=\"required\" title=\"Please fill out this field\" rows=\"\"\/><span class=\"input-field-icon\" aria-hidden=\"true\"><\/span><\/div><\/div>\n\n\n\n<div class=\"wp-block-greyd-forms-input input-wrapper gs_xRedZZ\"><div class=\"label_wrap\"><label class=\"label\" for=\"input_b3f872___id69d1bae3d367d\"><span><strong>Stra\u00dfe und Hausnummer<\/strong><\/span><span class=\"requirement-required\"> *<\/span><\/label><\/div><div class=\"input-inner-wrapper\"><input class=\"input validation \" type=\"text\" name=\"input_b3f872\" id=\"input_b3f872___id69d1bae3d367d\" placeholder=\"Enter here\" autocomplete=\"on\" required data-required=\"required\" title=\"Please fill out this field\" rows=\"\"\/><span class=\"input-field-icon\" aria-hidden=\"true\"><\/span><\/div><\/div>\n\n\n\n<div class=\"wp-block-greyd-forms-input input-wrapper gs_oT1xzE\"><div class=\"label_wrap\"><label class=\"label\" for=\"input_ec1e1d___id69d1bae3d36cf\"><span><strong>PLZ<\/strong><\/span><span class=\"requirement-required\"> *<\/span><\/label><\/div><div class=\"input-inner-wrapper\"><input class=\"input validation \" type=\"text\" name=\"input_ec1e1d\" id=\"input_ec1e1d___id69d1bae3d36cf\" placeholder=\"Enter here\" autocomplete=\"on\" required data-required=\"required\" title=\"Please fill out this field\" rows=\"\"\/><span class=\"input-field-icon\" aria-hidden=\"true\"><\/span><\/div><\/div>\n\n\n\n<div class=\"wp-block-greyd-forms-input input-wrapper gs_pyXwNM\"><div class=\"label_wrap\"><label class=\"label\" for=\"input_805d4e___id69d1bae3d371f\"><span><strong>Ort<\/strong><\/span><span class=\"requirement-required\"> *<\/span><\/label><\/div><div class=\"input-inner-wrapper\"><input class=\"input validation \" type=\"text\" name=\"input_805d4e\" id=\"input_805d4e___id69d1bae3d371f\" placeholder=\"Enter here\" autocomplete=\"on\" required data-required=\"required\" title=\"Please fill out this field\" rows=\"\"\/><span class=\"input-field-icon\" aria-hidden=\"true\"><\/span><\/div><\/div>\n\n\n\n<div class=\"wp-block-greyd-forms-input input-wrapper gs_uLoHMT\"><div class=\"label_wrap\"><label class=\"label\" for=\"input_283b4f___id69d1bae3d376f\"><span><strong>Mitgliedsnummer<\/strong><\/span><span class=\"requirement-required\"> *<\/span><\/label><\/div><div class=\"input-inner-wrapper\"><input class=\"input validation \" type=\"text\" name=\"input_283b4f\" id=\"input_283b4f___id69d1bae3d376f\" placeholder=\"Enter here\" autocomplete=\"on\" required data-required=\"required\" title=\"Please fill out this field\" rows=\"\"\/><span class=\"input-field-icon\" aria-hidden=\"true\"><\/span><\/div><\/div>\n\n\n\n<div class=\"wp-block-greyd-forms-input input-wrapper gs_STlBud\"><div class=\"label_wrap\"><label class=\"label\" for=\"input_5eafc2___id69d1bae3d37d6\"><span><strong>E-Mail (f\u00fcr K\u00fcndigungsbest\u00e4tigung)<\/strong><\/span><span class=\"requirement-optional\"> (optional)<\/span><\/label><span class=\"greyd-forms-tooltip\"><button type=\"button\" class=\"greyd-forms-tooltip-toggle\" aria-expanded=\"false\" aria-controls=\"tt-input_5eafc2___id69d1bae3d37d6\" aria-label=\"Show tooltip\"><\/button><span class=\"greyd-forms-tooltip-popup\" id=\"tt-input_5eafc2___id69d1bae3d37d6\" role=\"tooltip\"><span>The email address should contain an &#8216;@&#8217;character and a valid domain with a period.<\/span><button class=\"greyd-forms-tooltip-close\" aria-label=\"Close tooltip\">\u00d7<\/button><\/span><\/span><\/div><div class=\"input-inner-wrapper\"><input class=\"input validation \" type=\"email\" name=\"input_5eafc2\" id=\"input_5eafc2___id69d1bae3d37d6\" aria-describedby=\"tt-input_5eafc2___id69d1bae3d37d6\" placeholder=\"Enter here\" autocomplete=\"on\" pattern=\"\\w+([\\-+\\.]\\w+)*@\\w+([\\-\\.]\\w+)*\\.\\w+([\\-\\.]\\w+)*\" data-required=\"optional\" title=\"Please fill out this field\" rows=\"\"\/><span class=\"input-field-icon\" aria-hidden=\"true\"><\/span><\/div><\/div>\n\n\n\n<div class=\"wp-block-greyd-forms-input input-wrapper gs_E9BaGi\"><div class=\"label_wrap\"><label class=\"label\" for=\"input_1476e8___id69d1bae3d3839\"><span><strong>Bei fit+ hinterlegte E-Mail-Adresse<\/strong><\/span><span class=\"requirement-optional\"> (optional)<\/span><\/label><span class=\"greyd-forms-tooltip\"><button type=\"button\" class=\"greyd-forms-tooltip-toggle\" aria-expanded=\"false\" aria-controls=\"tt-input_1476e8___id69d1bae3d3839\" aria-label=\"Show tooltip\"><\/button><span class=\"greyd-forms-tooltip-popup\" id=\"tt-input_1476e8___id69d1bae3d3839\" role=\"tooltip\"><span>The email address should contain an &#8216;@&#8217;character and a valid domain with a period.<\/span><button class=\"greyd-forms-tooltip-close\" aria-label=\"Close tooltip\">\u00d7<\/button><\/span><\/span><\/div><div class=\"input-inner-wrapper\"><input class=\"input validation \" type=\"email\" name=\"input_1476e8\" id=\"input_1476e8___id69d1bae3d3839\" aria-describedby=\"tt-input_1476e8___id69d1bae3d3839\" placeholder=\"Enter here\" autocomplete=\"on\" pattern=\"\\w+([\\-+\\.]\\w+)*@\\w+([\\-\\.]\\w+)*\\.\\w+([\\-\\.]\\w+)*\" data-required=\"optional\" title=\"Please fill out this field\" rows=\"\"\/><span class=\"input-field-icon\" aria-hidden=\"true\"><\/span><\/div><\/div>\n\n\n\n<div class=\"wp-block-greyd-forms-input input-wrapper gs_IK4BWw\"><div class=\"label_wrap\"><label class=\"label\" for=\"input_datum_kuendigung_3b98de___id69d1bae3d3890\"><span><strong>Zeitpunkt der Vertragsbeendigung durch K\u00fcndigung<\/strong><\/span><span class=\"requirement-required\"> *<\/span><\/label><\/div><div class=\"input-inner-wrapper\"><input class=\"input validation \" type=\"date\" min=\"2026-04-05\" name=\"input_datum_kuendigung_3b98de\" id=\"input_datum_kuendigung_3b98de___id69d1bae3d3890\" placeholder=\"Enter here\" autocomplete=\"on\" min=\"today\" pattern=\"[0-9]{4}\\-[0-9]{2}\\-[0-9]{2}\" required data-required=\"required\" title=\"Please fill out this field\" rows=\"\"\/><span class=\"input-field-icon\" aria-hidden=\"true\"><\/span><\/div><\/div>\n\n\n\n<p>Gew\u00e4hlter Club: <span data-tag=\"gdt-franchise-data-studioname\" data-params=\"\" class=\"is-tag\">Studioname<\/span><\/p>\n\n\n\n<input type=\"hidden\" name=\"hidden_clubname\" value=\"_studioname_\" class=\"wp-block-greyd-forms-hidden-field dyn\"\/>\n\n\n\n\n<input type=\"hidden\" name=\"admin_email\" value=\"verwaltung@fitplus-club.de\" class=\"wp-block-greyd-forms-hidden-field\"\/>\n\n\n\n\n\n\n<div class=\"wp-block-greyd-forms-checkbox input-wrapper gs_61MIv4\"><label class=\"label checkbox-label\" for=\"checkbox_6cfccc___id69d1bae3d3d7c\"><input class=\"checkbox_placeholder_value\" type=\"hidden\" name=\"checkbox_6cfccc\" value=\"false\"\/><input type=\"checkbox\" id=\"checkbox_6cfccc___id69d1bae3d3d7c\" name=\"checkbox_6cfccc\" value=\"true\" data-required=\"optional\" title=\"Please mark the checkbox\"\/><div><span>schnellstm\u00f6gliche K\u00fcndigung<\/span><span class=\"requirement-optional\"> (optional)<\/span><\/div><\/label><\/div>\n\n\n\n<button class=\"wp-block-greyd-forms-submitbutton button submitbutton gs_v8FHen\" type=\"submit\" name=\"submit\" data-text=\"Jetzt K\u00fcndigen\"><span class=\"greyd_upload_progress\"><span class=\"spinner\"><span class=\"dot-loader\"><\/span><span class=\"dot-loader dot-loader--2\"><\/span><span class=\"dot-loader dot-loader--3\"><\/span><\/span><span class=\"bar\"><\/span><\/span><span style=\"flex:1\">Jetzt K\u00fcndigen<\/span><\/button>\n\n\n\n<p><\/p>\n<\/form><div class=\"after-message animate_fast\" role=\"status\" aria-live=\"polite\"><div class=\"message\"><\/div><\/div><div id=\"after-greyd-form-1\"><\/div><\/div>\n<\/li><\/ul><\/div>\n\n\n\n<p class=\"has-tiny-font-size\">Felder mit einem&nbsp;*&nbsp;sind Pflichtfelder.<\/p>\n<\/div>\n","protected":false},"excerpt":{"rendered":"<p>K\u00fcndigung der Mitgliedschaft Hier kannst du uns deine K\u00fcndigung der Mitgliedschaft \u00fcbermitteln: Felder mit einem&nbsp;*&nbsp;sind Pflichtfelder.<\/p>\n","protected":false},"author":3,"featured_media":0,"parent":0,"menu_order":0,"comment_status":"closed","ping_status":"closed","template":"","meta":{"greyd_block_editor_preview":[],"footnotes":"","latitude":"","longitude":"","dynamic_meta":[]},"class_list":["post-10399","page","type-page","status-publish","hentry"],"yoast_head":"<!-- This site is optimized with the Yoast SEO plugin v27.3 - https:\/\/yoast.com\/product\/yoast-seo-wordpress\/ -->\n<title>Club Administration - Dein Fitnessstudio - Jetzt Mitglied werden<\/title>\n<meta name=\"description\" content=\"Das fit+ Fitnessstudio in Musterstadt ist 365 Tage von 06:00 - 23:00 Uhr ge\u00f6ffnet. Modernste Ger\u00e4te und g\u00fcnstige Mitgliedschaften. Vereinbare jetzt dein Probetraining!\" \/>\n<meta name=\"robots\" content=\"noindex, follow, max-snippet:-1, max-image-preview:large, max-video-preview:-1\" \/>\n<meta property=\"og:locale\" content=\"en_US\" \/>\n<meta property=\"og:type\" content=\"article\" \/>\n<meta property=\"og:title\" content=\"Club Administration - Dein Fitnessstudio - Jetzt Mitglied werden\" \/>\n<meta property=\"og:description\" content=\"Das fit+ Fitnessstudio in Musterstadt ist 365 Tage von 06:00 - 23:00 Uhr ge\u00f6ffnet. Modernste Ger\u00e4te und g\u00fcnstige Mitgliedschaften. Vereinbare jetzt dein Probetraining!\" \/>\n<meta property=\"og:url\" content=\"https:\/\/dev.fitplus-club.de\/club-admin\/kuendigung\/\" \/>\n<meta property=\"og:site_name\" content=\"Club Administration\" \/>\n<meta property=\"article:modified_time\" content=\"2025-11-12T14:39:58+00:00\" \/>\n<meta name=\"twitter:card\" content=\"summary_large_image\" \/>\n<script type=\"application\/ld+json\" class=\"yoast-schema-graph\">{\"@context\":\"https:\\\/\\\/schema.org\",\"@graph\":[{\"@type\":\"WebPage\",\"@id\":\"https:\\\/\\\/dev.fitplus-club.de\\\/club-admin\\\/kuendigung\\\/\",\"url\":\"https:\\\/\\\/dev.fitplus-club.de\\\/club-admin\\\/kuendigung\\\/\",\"name\":\"Club Administration - Dein Fitnessstudio - Jetzt Mitglied werden\",\"isPartOf\":{\"@id\":\"https:\\\/\\\/dev.fitplus-club.de\\\/club-admin\\\/#website\"},\"datePublished\":\"2025-11-03T16:51:28+00:00\",\"dateModified\":\"2025-11-12T14:39:58+00:00\",\"description\":\"Das fit+ Fitnessstudio in Musterstadt ist 365 Tage von 06:00 - 23:00 Uhr ge\u00f6ffnet. Modernste Ger\u00e4te und g\u00fcnstige Mitgliedschaften. Vereinbare jetzt dein Probetraining!\",\"breadcrumb\":{\"@id\":\"https:\\\/\\\/dev.fitplus-club.de\\\/club-admin\\\/kuendigung\\\/#breadcrumb\"},\"inLanguage\":\"en-US\",\"potentialAction\":[{\"@type\":\"ReadAction\",\"target\":[\"https:\\\/\\\/dev.fitplus-club.de\\\/club-admin\\\/kuendigung\\\/\"]}]},{\"@type\":\"BreadcrumbList\",\"@id\":\"https:\\\/\\\/dev.fitplus-club.de\\\/club-admin\\\/kuendigung\\\/#breadcrumb\",\"itemListElement\":[{\"@type\":\"ListItem\",\"position\":1,\"name\":\"Startseite\",\"item\":\"https:\\\/\\\/dev.fitplus-club.de\\\/club-admin\\\/\"},{\"@type\":\"ListItem\",\"position\":2,\"name\":\"K\u00fcndigung\"}]},{\"@type\":\"WebSite\",\"@id\":\"https:\\\/\\\/dev.fitplus-club.de\\\/club-admin\\\/#website\",\"url\":\"https:\\\/\\\/dev.fitplus-club.de\\\/club-admin\\\/\",\"name\":\"Club Administration\",\"description\":\"Admin Installation der Globalen Post Type Architekturen: Franchise Data, Pricing, Features, Gallery, Campain Hero, Formulare, Templates.\",\"publisher\":{\"@id\":\"https:\\\/\\\/dev.fitplus-club.de\\\/club-admin\\\/#organization\"},\"potentialAction\":[{\"@type\":\"SearchAction\",\"target\":{\"@type\":\"EntryPoint\",\"urlTemplate\":\"https:\\\/\\\/dev.fitplus-club.de\\\/club-admin\\\/?s={search_term_string}\"},\"query-input\":{\"@type\":\"PropertyValueSpecification\",\"valueRequired\":true,\"valueName\":\"search_term_string\"}}],\"inLanguage\":\"en-US\"},{\"@type\":\"Organization\",\"@id\":\"https:\\\/\\\/dev.fitplus-club.de\\\/club-admin\\\/#organization\",\"name\":\"Club Administration\",\"url\":\"https:\\\/\\\/dev.fitplus-club.de\\\/club-admin\\\/\",\"logo\":{\"@type\":\"ImageObject\",\"inLanguage\":\"en-US\",\"@id\":\"https:\\\/\\\/dev.fitplus-club.de\\\/club-admin\\\/#\\\/schema\\\/logo\\\/image\\\/\",\"url\":\"https:\\\/\\\/dev.fitplus-club.de\\\/club-admin\\\/wp-content\\\/uploads\\\/sites\\\/9\\\/2025\\\/10\\\/RZ_Logo_Fitplus.png\",\"contentUrl\":\"https:\\\/\\\/dev.fitplus-club.de\\\/club-admin\\\/wp-content\\\/uploads\\\/sites\\\/9\\\/2025\\\/10\\\/RZ_Logo_Fitplus.png\",\"width\":250,\"height\":145,\"caption\":\"Club Administration\"},\"image\":{\"@id\":\"https:\\\/\\\/dev.fitplus-club.de\\\/club-admin\\\/#\\\/schema\\\/logo\\\/image\\\/\"}}]}<\/script>\n<!-- \/ Yoast SEO plugin. -->","yoast_head_json":{"title":"Club Administration - Dein Fitnessstudio - Jetzt Mitglied werden","description":"Das fit+ Fitnessstudio in Musterstadt ist 365 Tage von 06:00 - 23:00 Uhr ge\u00f6ffnet. Modernste Ger\u00e4te und g\u00fcnstige Mitgliedschaften. Vereinbare jetzt dein Probetraining!","robots":{"index":"noindex","follow":"follow","max-snippet":"max-snippet:-1","max-image-preview":"max-image-preview:large","max-video-preview":"max-video-preview:-1"},"og_locale":"en_US","og_type":"article","og_title":"Club Administration - Dein Fitnessstudio - Jetzt Mitglied werden","og_description":"Das fit+ Fitnessstudio in Musterstadt ist 365 Tage von 06:00 - 23:00 Uhr ge\u00f6ffnet. Modernste Ger\u00e4te und g\u00fcnstige Mitgliedschaften. Vereinbare jetzt dein Probetraining!","og_url":"https:\/\/dev.fitplus-club.de\/club-admin\/kuendigung\/","og_site_name":"Club Administration","article_modified_time":"2025-11-12T14:39:58+00:00","twitter_card":"summary_large_image","schema":{"@context":"https:\/\/schema.org","@graph":[{"@type":"WebPage","@id":"https:\/\/dev.fitplus-club.de\/club-admin\/kuendigung\/","url":"https:\/\/dev.fitplus-club.de\/club-admin\/kuendigung\/","name":"Club Administration - Dein Fitnessstudio - Jetzt Mitglied werden","isPartOf":{"@id":"https:\/\/dev.fitplus-club.de\/club-admin\/#website"},"datePublished":"2025-11-03T16:51:28+00:00","dateModified":"2025-11-12T14:39:58+00:00","description":"Das fit+ Fitnessstudio in Musterstadt ist 365 Tage von 06:00 - 23:00 Uhr ge\u00f6ffnet. Modernste Ger\u00e4te und g\u00fcnstige Mitgliedschaften. Vereinbare jetzt dein Probetraining!","breadcrumb":{"@id":"https:\/\/dev.fitplus-club.de\/club-admin\/kuendigung\/#breadcrumb"},"inLanguage":"en-US","potentialAction":[{"@type":"ReadAction","target":["https:\/\/dev.fitplus-club.de\/club-admin\/kuendigung\/"]}]},{"@type":"BreadcrumbList","@id":"https:\/\/dev.fitplus-club.de\/club-admin\/kuendigung\/#breadcrumb","itemListElement":[{"@type":"ListItem","position":1,"name":"Startseite","item":"https:\/\/dev.fitplus-club.de\/club-admin\/"},{"@type":"ListItem","position":2,"name":"K\u00fcndigung"}]},{"@type":"WebSite","@id":"https:\/\/dev.fitplus-club.de\/club-admin\/#website","url":"https:\/\/dev.fitplus-club.de\/club-admin\/","name":"Club Administration","description":"Admin Installation der Globalen Post Type Architekturen: Franchise Data, Pricing, Features, Gallery, Campain Hero, Formulare, Templates.","publisher":{"@id":"https:\/\/dev.fitplus-club.de\/club-admin\/#organization"},"potentialAction":[{"@type":"SearchAction","target":{"@type":"EntryPoint","urlTemplate":"https:\/\/dev.fitplus-club.de\/club-admin\/?s={search_term_string}"},"query-input":{"@type":"PropertyValueSpecification","valueRequired":true,"valueName":"search_term_string"}}],"inLanguage":"en-US"},{"@type":"Organization","@id":"https:\/\/dev.fitplus-club.de\/club-admin\/#organization","name":"Club Administration","url":"https:\/\/dev.fitplus-club.de\/club-admin\/","logo":{"@type":"ImageObject","inLanguage":"en-US","@id":"https:\/\/dev.fitplus-club.de\/club-admin\/#\/schema\/logo\/image\/","url":"https:\/\/dev.fitplus-club.de\/club-admin\/wp-content\/uploads\/sites\/9\/2025\/10\/RZ_Logo_Fitplus.png","contentUrl":"https:\/\/dev.fitplus-club.de\/club-admin\/wp-content\/uploads\/sites\/9\/2025\/10\/RZ_Logo_Fitplus.png","width":250,"height":145,"caption":"Club Administration"},"image":{"@id":"https:\/\/dev.fitplus-club.de\/club-admin\/#\/schema\/logo\/image\/"}}]}},"_links":{"self":[{"href":"https:\/\/dev.fitplus-club.de\/club-admin\/wp-json\/wp\/v2\/pages\/10399","targetHints":{"allow":["GET"]}}],"collection":[{"href":"https:\/\/dev.fitplus-club.de\/club-admin\/wp-json\/wp\/v2\/pages"}],"about":[{"href":"https:\/\/dev.fitplus-club.de\/club-admin\/wp-json\/wp\/v2\/types\/page"}],"author":[{"embeddable":true,"href":"https:\/\/dev.fitplus-club.de\/club-admin\/wp-json\/wp\/v2\/users\/3"}],"replies":[{"embeddable":true,"href":"https:\/\/dev.fitplus-club.de\/club-admin\/wp-json\/wp\/v2\/comments?post=10399"}],"version-history":[{"count":13,"href":"https:\/\/dev.fitplus-club.de\/club-admin\/wp-json\/wp\/v2\/pages\/10399\/revisions"}],"predecessor-version":[{"id":10955,"href":"https:\/\/dev.fitplus-club.de\/club-admin\/wp-json\/wp\/v2\/pages\/10399\/revisions\/10955"}],"wp:attachment":[{"href":"https:\/\/dev.fitplus-club.de\/club-admin\/wp-json\/wp\/v2\/media?parent=10399"}],"curies":[{"name":"wp","href":"https:\/\/api.w.org\/{rel}","templated":true}]}}